{"id":124,"date":"2019-08-05T11:21:10","date_gmt":"2019-08-05T09:21:10","guid":{"rendered":"https:\/\/www.mueblesartisau.com\/?page_id=124"},"modified":"2020-12-15T13:00:51","modified_gmt":"2020-12-15T12:00:51","slug":"politica-de-cookies","status":"publish","type":"page","link":"https:\/\/www.mueblesartisau.com\/eu\/politica-de-cookies\/","title":{"rendered":"Pol\u00edtica de cookies"},"content":{"rendered":"<div class=\"rgpd\">\n<p>En cumplimiento con lo establecido en el art\u00edculo 22.2 de la Ley de Servicios de la Sociedad de la Informaci\u00f3n y del Comercio Electr\u00f3nico (LSSI) y en adecuaci\u00f3n con la Directiva Europea 2009\/136\/CE, se advierte al usuario que el sitio web mueblesartisau.com utiliza cookies con el \u00fanico fin de mejorar la navegaci\u00f3n del sitio y de recopilar datos estad\u00edsticos referente a la naturaleza de las visitas que recibimos en nuestro sitio<\/p>\n<ol>\n<li><a href=\"#n1\">\u00bfQu\u00e9 son las cookies?<\/a><\/li>\n<li><a href=\"#n2\">\u00bfQu\u00e9 tipos de cookies existen?<\/a><\/li>\n<li><a href=\"#n3\">\u00bfQu\u00e9 cookies utilizamos?<\/a><\/li>\n<li><a href=\"#n4\">\u00bfC\u00f3mo deshabilitar las Cookies?<\/a><\/li>\n<li><a href=\"#n5\">Modificaciones de la Pol\u00edtica de Cookies<\/a><\/li>\n<\/ol>\n<div id=\"n1\">\n<h3>1. \u00bfQu\u00e9 son las cookies?\u00a0<\/h3>\n<p>La Web <strong>mueblesartisau.com<\/strong> (en adelante la Web) utiliza Cookies. Las Cookies son ficheros enviados a un navegador por medio de un servidor web para registrar las   actividades del Usuario en una web determinada. La primera finalidad de   las Cookies es la de facilitar al usuario un acceso m\u00e1s r\u00e1pido a los servicios seleccionados. Adem\u00e1s, las Cookies personalizan los servicios   que ofrece la Web, facilitando y ofreciendo a cada usuario informaci\u00f3n   que es de su inter\u00e9s o que puede ser de su inter\u00e9s, en atenci\u00f3n al uso   que realiza de los Servicios.<\/p>\n<p>La Web utiliza Cookies para personalizar y   facilitar al m\u00e1ximo la navegaci\u00f3n del usuario. Las Cookies se asocian   \u00fanicamente a un usuario an\u00f3nimo y su ordenador y no proporcionan   referencias que permitan deducir datos personales del usuario. El   usuario podr\u00e1 configurar su navegador para que notifique y rechace la   instalaci\u00f3n las Cookies enviadas por la Web, sin que ello perjudique la   posibilidad del usuario de acceder a los contenidos de dicha web. Sin   embargo, la calidad de   funcionamiento de la p\u00e1gina Web puede disminuir e incluso algunas funciones dejar\u00e1n de estar disponibles.      <\/p>\n<p>Asimismo, la Web podr\u00e1 saber todos los servicios   solicitados por los usuarios, de forma que podr\u00e1n facilitar u ofrecer   informaci\u00f3n adecuada a los gustos y preferencias de cada usuario.<\/p>\n<\/p><\/div>\n<div id=\"n2\">\n<h3>2. \u00bfQu\u00e9 tipos de cookies existen?<\/h3>\n<p>Las Cookies, en funci\u00f3n de su Permanencia, pueden dividirse en:<\/p>\n<ul>\n<li>&ldquo;Cookies de sesi\u00f3n&rdquo;: Las primeras expiran cuando el usuario cierra el navegador.<\/li>\n<li>&ldquo;Cookies persistentes&rdquo;. Las segundas expiran en   funci\u00f3n de cuando se cumpla el objetivo para el que sirven (por ejemplo,  para que el usuario se mantenga identificado en los Servicios) o bien   cuando se borran manualmente.<\/li>\n<\/ul>\n<p>Adicionalmente, en funci\u00f3n de su Objetivo, las Cookies pueden clasificarse de la siguiente forma:<\/p>\n<ul>\n<li>Cookies de rendimiento: Este tipo de Cookie recuerda sus   preferencias para las herramientas que se encuentran en los servicios,   por lo que no tiene que volver a configurar el servicio cada vez que   usted visita. A modo de ejemplo, en esta tipolog\u00eda se incluyen:\n<ul>\n<li>Ajustes de volumen de reproductores de v\u00eddeo o sonido.<\/li>\n<li>Las velocidades de transmisi\u00f3n de v\u00eddeo que sean compatibles con su navegador.<\/li>\n<\/ul>\n<\/li>\n<li>Cookies de geo-localizaci\u00f3n: Estas Cookies son utilizadas para   averiguar en qu\u00e9 pa\u00eds se encuentra cuando se solicita un servicio. Esta   Cookie es totalmente an\u00f3nima, y s\u00f3lo se utiliza para ayudar a orientar   el contenido a su ubicaci\u00f3n.<\/li>\n<li>Cookies de registro: Las Cookies de registro se generan una vez que   el usuario se ha registrado o posteriormente ha abierto su sesi\u00f3n, y se   utilizan para identificarle en los servicios con los siguientes   objetivos:\n<ul>\n<li>Mantener al usuario identificado de forma que, si cierra un   servicio, el navegador o el ordenador y en otro momento u otro d\u00eda   vuelve a entrar en dicho servicio, seguir\u00e1 identificado, facilitando as\u00ed   su navegaci\u00f3n sin tener que volver a identificarse. Esta funcionalidad   se puede suprimir si el usuario pulsa la funcionalidad &ldquo;cerrar sesi\u00f3n&rdquo;,   de forma que esta Cookie se elimina y la pr\u00f3xima vez que entre en el   servicio el usuario tendr\u00e1 que iniciar sesi\u00f3n para estar identificado.<\/li>\n<li>Comprobar si el usuario est\u00e1 autorizado para acceder a ciertos servicios, por ejemplo, para participar en un concurso.<\/li>\n<\/ul>\n<\/li>\n<li>Cookies anal\u00edticas: Cada vez que un Usuario visita un servicio, una   herramienta de un proveedor externo genera una Cookie anal\u00edtica en el   ordenador del usuario. Esta Cookie que s\u00f3lo se genera en la visita,   servir\u00e1 en pr\u00f3ximas visitas a los Servicios de la Web para identificar   de forma an\u00f3nima al visitante. Los objetivos principales que se   persiguen son:\n<ul>\n<li>Permitir la identificaci\u00f3n an\u00f3nima de los usuarios navegantes a   trav\u00e9s de la &ldquo;Cookie&rdquo; (identifica navegadores y dispositivos, no   personas) y por lo tanto la contabilizaci\u00f3n aproximada del n\u00famero de   visitantes y su tendencia en el tiempo.<\/li>\n<li>Identificar de forma an\u00f3nima los contenidos m\u00e1s visitados y por lo tanto m\u00e1s atractivos para los usuarios.<\/li>\n<li>Saber si el usuario que est\u00e1 accediendo es nuevo o repite visita.<\/li>\n<li>Importante: Salvo que el usuario decida registrarse en un servicio   de la Web, la &ldquo;Cookie&rdquo; nunca ir\u00e1 asociada a ning\u00fan dato de car\u00e1cter   personal que pueda identificarle. Dichas Cookies s\u00f3lo ser\u00e1n utilizadas   con prop\u00f3sitos estad\u00edsticos que ayuden a la optimizaci\u00f3n de la   experiencia de los Usuarios en el sitio.<\/li>\n<\/ul>\n<\/li>\n<li>Cookies de publicidad comportamental: Este tipo de &ldquo;Cookies&rdquo; permite   ampliar la informaci\u00f3n de los anuncios mostrados a cada usuario an\u00f3nimo   en los Servicios de la Web. Entre otros, se almacena la duraci\u00f3n o   frecuencia de visualizaci\u00f3n de posiciones publicitarias, la interacci\u00f3n   con las mismas, o los patrones de navegaci\u00f3n y\/o compartimientos del   usuario ya que ayudan a conformar un perfil de inter\u00e9s publicitario. De   este modo, permiten ofrecer publicidad af\u00edn a los intereses del usuario.<\/li>\n<li>Cookies publicitarias de terceros: Adem\u00e1s de la publicidad   gestionada por la Web en sus Servicios, la Web ofrece a sus anunciantes   la opci\u00f3n de servir anuncios a trav\u00e9s de terceros (&ldquo;AdServers&rdquo;). De este   modo, estos terceros pueden almacenar Cookies enviadas desde los   Servicios de la Web procedentes de los navegadores de los Usuarios, as\u00ed   como acceder a los datos que en ellas se guardan.<\/li>\n<\/ul>\n<p>Weborama: <a href=\"http:\/\/www.weborama.com\/e-privacy\/our-commitment\/\">http:\/\/www.weborama.com\/e-privacy\/our-commitment\/ <\/a><\/p>\n<\/p><\/div>\n<div id=\"n3\">\n<h3>3. \u00bfQu\u00e9 cookies utilizamos?<\/h3>\n<p>Las cookies que utilizamos en nuestra p\u00e1gina web son:<\/p>\n<ul>\n<li>Propias: Son aqu\u00e9llas que se env\u00edan al equipo terminal del usuario   desde un equipo o dominio gestionado por el propio editor y desde el que   se presta el servicio solicitado por el usuario. (cookies de sesi\u00f3n)<\/li>\n<li>De terceros: Son aqu\u00e9llas que se env\u00edan al equipo terminal del   usuario desde un equipo o dominio que no es gestionado por el editor,   sino por otra entidad que trata los datos obtenidos trav\u00e9s de las   cookies. (Google Analytics)<\/li>\n<\/ul><\/div>\n<div id=\"n4\">\n<h3>4. \u00bfC\u00f3mo deshabilitar las Cookies?<\/h3>\n<p>Normalmente es posible dejar de aceptar las Cookies del navegador, o dejar de aceptar las Cookies de un Servicio en particular.<\/p>\n<p>Todos los navegadores modernos permiten cambiar la configuraci\u00f3n de   Cookies. Estos ajustes normalmente se encuentran en las \u00a8opciones\u00a8 o   \u00a8preferencias\u00a8 del men\u00fa de su navegador. Asimismo, puede configurar su   navegador o su gestor de correo electr\u00f3nico, as\u00ed como instalar   complementos gratuitos para evitar que se descarguen los Web Bugs al   abrir un email.<\/p>\n<p>La Web ofrece orientaci\u00f3n al Usuario sobre los pasos para acceder al   men\u00fa de configuraci\u00f3n de las cookies y, en su caso, de la navegaci\u00f3n   privada en cada uno de los navegadores principales:<\/p>\n<ul>\n<li>Internet Explorer: Herramientas &#8211; &gt; Opciones de Internet &#8211; &gt; Privacidad &#8211; &gt; Configuraci\u00f3n.\n<ul>\n<li>Para m\u00e1s informaci\u00f3n, puede consultar el soporte de Microsoft o la Ayuda del navegador.<\/li>\n<\/ul>\n<\/li>\n<li>Firefox: Herramientas &#8211; &gt; Opciones &#8211; &gt; Privacidad &#8211; &gt; Historial &#8211; &gt; Configuraci\u00f3n personalizada.<\/li>\n<li>Chrome: Configuraci\u00f3n &#8211; &gt; Mostrar opciones avanzadas &#8211; &gt; Privacidad &#8211; &gt; Configuraci\u00f3n de contenido.<\/li>\n<li>Safari: Preferencias &#8211; &gt; Seguridad.\n<ul>\n<li>Para m\u00e1s informaci\u00f3n, puede consultar el soporte de Apple o la Ayuda del navegador.<\/li>\n<\/ul>\n<\/li>\n<\/ul><\/div>\n<div id=\"n5\">\n<h3>5. Modificaciones de la Pol\u00edtica de Cookies<\/h3>\n<p>La Web puede modificar esta Pol\u00edtica de Cookies en funci\u00f3n de las   exigencias legislativas, reglamentarias, o con la finalidad de adaptar   dicha pol\u00edtica a las instrucciones dictadas por la Agencia Espa\u00f1ola de   Protecci\u00f3n de Datos, por ello se aconseja a los usuarios que la visiten   peri\u00f3dicamente. Cuando se produzcan cambios significativos en esta   Pol\u00edtica de Cookies, se comunicar\u00e1n a los usuarios bien mediante la web o   a trav\u00e9s de correo electr\u00f3nico a los usuarios registrados.<\/p>\n<\/p><\/div>\n<\/p><\/div>\n","protected":false},"excerpt":{"rendered":"<p>En cumplimiento con lo establecido en el art\u00edculo 22.2 de la Ley de Servicios de la Sociedad de la Informaci\u00f3n y del Comercio Electr\u00f3nico (LSSI) y en adecuaci\u00f3n con la Directiva Europea 2009\/136\/CE, se advierte al usuario que el sitio web mueblesartisau.com utiliza cookies con el \u00fanico fin de mejorar la navegaci\u00f3n del sitio y [&hellip;]<\/p>\n","protected":false},"author":1,"featured_media":0,"parent":0,"menu_order":7,"comment_status":"closed","ping_status":"closed","template":"","meta":{"footnotes":""},"class_list":["post-124","page","type-page","status-publish","hentry"],"yoast_head":"<!-- This site is optimized with the Yoast SEO plugin v27.6 - https:\/\/yoast.com\/product\/yoast-seo-wordpress\/ -->\n<title>Pol\u00edtica de cookies<\/title>\n<meta name=\"description\" content=\"En cumplimiento con lo establecido en el art\u00edculo 22.2 de la Ley de Servicios de la Sociedad de la Informaci\u00f3n y del Comercio Electr\u00f3nico (LSSI) y en adecuaci\u00f3n con la Directiva Europea 2009\/136\/CE, se advierte al usuario que el sitio web mueblesartisau.com utiliza cookies con el \u00fanico fin de mejorar la navegaci\u00f3n del sitio y&hellip;\" \/>\n<meta name=\"robots\" content=\"index, follow, max-snippet:-1, max-image-preview:large, max-video-preview:-1\" \/>\n<link rel=\"canonical\" href=\"http:\/\/En%20cumplimiento%20con%20lo%20establecido%20en%20el%20art\u00edculo%2022.2%20de%20la%20Ley%20de%20Servicios%20de%20la%20Sociedad%20de%20la%20Informaci\u00f3n%20y%20del%20Comercio%20Electr\u00f3nico%20(LSSI)%20y%20en%20adecuaci\u00f3n%20con%20la%20Directiva%20Europea%202009\/136\/CE,%20se%20advierte%20al%20usuario%20que%20el%20sitio%20web%20mueblesartisau.com%20utiliza%20cookies%20con%20el%20\u00fanico%20fin%20de%20mejorar%20la%20navegaci\u00f3n%20del%20sitio%20y&hellip;\" \/>\n<meta property=\"og:locale\" content=\"en_US\" \/>\n<meta property=\"og:type\" content=\"article\" \/>\n<meta property=\"og:title\" content=\"Pol\u00edtica de cookies\" \/>\n<meta property=\"og:description\" content=\"En cumplimiento con lo establecido en el art\u00edculo 22.2 de la Ley de Servicios de la Sociedad de la Informaci\u00f3n y del Comercio Electr\u00f3nico (LSSI) y en adecuaci\u00f3n con la Directiva Europea 2009\/136\/CE, se advierte al usuario que el sitio web mueblesartisau.com utiliza cookies con el \u00fanico fin de mejorar la navegaci\u00f3n del sitio y&hellip;\" \/>\n<meta property=\"og:url\" content=\"https:\/\/www.mueblesartisau.com\/eu\/politica-de-cookies\/\" \/>\n<meta property=\"og:site_name\" content=\"Artisau\" \/>\n<meta property=\"article:modified_time\" content=\"2020-12-15T12:00:51+00:00\" \/>\n<meta name=\"twitter:card\" content=\"summary_large_image\" \/>\n<meta name=\"twitter:label1\" content=\"Est. reading time\" \/>\n\t<meta name=\"twitter:data1\" content=\"7 minutua\" \/>\n<script type=\"application\/ld+json\" class=\"yoast-schema-graph\">{\"@context\":\"https:\\\/\\\/schema.org\",\"@graph\":[{\"@type\":\"WebPage\",\"@id\":\"https:\\\/\\\/www.mueblesartisau.com\\\/eu\\\/politica-de-cookies\\\/\",\"url\":\"https:\\\/\\\/www.mueblesartisau.com\\\/eu\\\/politica-de-cookies\\\/\",\"name\":\"Pol\u00edtica de cookies - Artisau\",\"isPartOf\":{\"@id\":\"https:\\\/\\\/www.mueblesartisau.com\\\/#website\"},\"datePublished\":\"2019-08-05T09:21:10+00:00\",\"dateModified\":\"2020-12-15T12:00:51+00:00\",\"breadcrumb\":{\"@id\":\"https:\\\/\\\/www.mueblesartisau.com\\\/eu\\\/politica-de-cookies\\\/#breadcrumb\"},\"inLanguage\":\"eu\",\"potentialAction\":[{\"@type\":\"ReadAction\",\"target\":[\"https:\\\/\\\/www.mueblesartisau.com\\\/eu\\\/politica-de-cookies\\\/\"]}]},{\"@type\":\"BreadcrumbList\",\"@id\":\"https:\\\/\\\/www.mueblesartisau.com\\\/eu\\\/politica-de-cookies\\\/#breadcrumb\",\"itemListElement\":[{\"@type\":\"ListItem\",\"position\":1,\"name\":\"P\u00e1gina de inicio\",\"item\":\"https:\\\/\\\/www.mueblesartisau.com\\\/\"},{\"@type\":\"ListItem\",\"position\":2,\"name\":\"Pol\u00edtica de cookies\"}]},{\"@type\":\"WebSite\",\"@id\":\"https:\\\/\\\/www.mueblesartisau.com\\\/eu\\\/#website\",\"url\":\"https:\\\/\\\/www.mueblesartisau.com\\\/eu\\\/\",\"name\":\"Artisau\",\"description\":\"Fabricaci\u00f3n de muebles de madera maciza\",\"publisher\":{\"@id\":\"https:\\\/\\\/www.mueblesartisau.com\\\/eu\\\/#organization\"},\"potentialAction\":[{\"@type\":\"SearchAction\",\"target\":{\"@type\":\"EntryPoint\",\"urlTemplate\":\"https:\\\/\\\/www.mueblesartisau.com\\\/eu\\\/?s={search_term_string}\"},\"query-input\":{\"@type\":\"PropertyValueSpecification\",\"valueRequired\":true,\"valueName\":\"search_term_string\"}}],\"inLanguage\":\"eu\"},{\"@type\":\"Organization\",\"@id\":\"https:\\\/\\\/www.mueblesartisau.com\\\/eu\\\/#organization\",\"name\":\"Artisau\",\"url\":\"https:\\\/\\\/www.mueblesartisau.com\\\/eu\\\/\",\"logo\":{\"@type\":\"ImageObject\",\"inLanguage\":\"eu\",\"@id\":\"https:\\\/\\\/www.mueblesartisau.com\\\/eu\\\/#\\\/schema\\\/logo\\\/image\\\/\",\"url\":\"https:\\\/\\\/www.mueblesartisau.com\\\/wp-content\\\/uploads\\\/artisau-muebles-de-madera.png\",\"contentUrl\":\"https:\\\/\\\/www.mueblesartisau.com\\\/wp-content\\\/uploads\\\/artisau-muebles-de-madera.png\",\"width\":286,\"height\":40,\"caption\":\"Artisau\"},\"image\":{\"@id\":\"https:\\\/\\\/www.mueblesartisau.com\\\/eu\\\/#\\\/schema\\\/logo\\\/image\\\/\"}}]}<\/script>\n<!-- \/ Yoast SEO plugin. -->","yoast_head_json":{"title":"Pol\u00edtica de cookies","description":"En cumplimiento con lo establecido en el art\u00edculo 22.2 de la Ley de Servicios de la Sociedad de la Informaci\u00f3n y del Comercio Electr\u00f3nico (LSSI) y en adecuaci\u00f3n con la Directiva Europea 2009\/136\/CE, se advierte al usuario que el sitio web mueblesartisau.com utiliza cookies con el \u00fanico fin de mejorar la navegaci\u00f3n del sitio y&hellip;","robots":{"index":"index","follow":"follow","max-snippet":"max-snippet:-1","max-image-preview":"max-image-preview:large","max-video-preview":"max-video-preview:-1"},"canonical":"En cumplimiento con lo establecido en el art\u00edculo 22.2 de la Ley de Servicios de la Sociedad de la Informaci\u00f3n y del Comercio Electr\u00f3nico (LSSI) y en adecuaci\u00f3n con la Directiva Europea 2009\/136\/CE, se advierte al usuario que el sitio web mueblesartisau.com utiliza cookies con el \u00fanico fin de mejorar la navegaci\u00f3n del sitio y&hellip;","og_locale":"en_US","og_type":"article","og_title":"Pol\u00edtica de cookies","og_description":"En cumplimiento con lo establecido en el art\u00edculo 22.2 de la Ley de Servicios de la Sociedad de la Informaci\u00f3n y del Comercio Electr\u00f3nico (LSSI) y en adecuaci\u00f3n con la Directiva Europea 2009\/136\/CE, se advierte al usuario que el sitio web mueblesartisau.com utiliza cookies con el \u00fanico fin de mejorar la navegaci\u00f3n del sitio y&hellip;","og_url":"https:\/\/www.mueblesartisau.com\/eu\/politica-de-cookies\/","og_site_name":"Artisau","article_modified_time":"2020-12-15T12:00:51+00:00","twitter_card":"summary_large_image","twitter_misc":{"Est. reading time":"7 minutua"},"schema":{"@context":"https:\/\/schema.org","@graph":[{"@type":"WebPage","@id":"https:\/\/www.mueblesartisau.com\/eu\/politica-de-cookies\/","url":"https:\/\/www.mueblesartisau.com\/eu\/politica-de-cookies\/","name":"Pol\u00edtica de cookies - Artisau","isPartOf":{"@id":"https:\/\/www.mueblesartisau.com\/#website"},"datePublished":"2019-08-05T09:21:10+00:00","dateModified":"2020-12-15T12:00:51+00:00","breadcrumb":{"@id":"https:\/\/www.mueblesartisau.com\/eu\/politica-de-cookies\/#breadcrumb"},"inLanguage":"eu","potentialAction":[{"@type":"ReadAction","target":["https:\/\/www.mueblesartisau.com\/eu\/politica-de-cookies\/"]}]},{"@type":"BreadcrumbList","@id":"https:\/\/www.mueblesartisau.com\/eu\/politica-de-cookies\/#breadcrumb","itemListElement":[{"@type":"ListItem","position":1,"name":"P\u00e1gina de inicio","item":"https:\/\/www.mueblesartisau.com\/"},{"@type":"ListItem","position":2,"name":"Pol\u00edtica de cookies"}]},{"@type":"WebSite","@id":"https:\/\/www.mueblesartisau.com\/eu\/#website","url":"https:\/\/www.mueblesartisau.com\/eu\/","name":"Artisau","description":"Fabricaci\u00f3n de muebles de madera maciza","publisher":{"@id":"https:\/\/www.mueblesartisau.com\/eu\/#organization"},"potentialAction":[{"@type":"SearchAction","target":{"@type":"EntryPoint","urlTemplate":"https:\/\/www.mueblesartisau.com\/eu\/?s={search_term_string}"},"query-input":{"@type":"PropertyValueSpecification","valueRequired":true,"valueName":"search_term_string"}}],"inLanguage":"eu"},{"@type":"Organization","@id":"https:\/\/www.mueblesartisau.com\/eu\/#organization","name":"Artisau","url":"https:\/\/www.mueblesartisau.com\/eu\/","logo":{"@type":"ImageObject","inLanguage":"eu","@id":"https:\/\/www.mueblesartisau.com\/eu\/#\/schema\/logo\/image\/","url":"https:\/\/www.mueblesartisau.com\/wp-content\/uploads\/artisau-muebles-de-madera.png","contentUrl":"https:\/\/www.mueblesartisau.com\/wp-content\/uploads\/artisau-muebles-de-madera.png","width":286,"height":40,"caption":"Artisau"},"image":{"@id":"https:\/\/www.mueblesartisau.com\/eu\/#\/schema\/logo\/image\/"}}]}},"_links":{"self":[{"href":"https:\/\/www.mueblesartisau.com\/eu\/wp-json\/wp\/v2\/pages\/124","targetHints":{"allow":["GET"]}}],"collection":[{"href":"https:\/\/www.mueblesartisau.com\/eu\/wp-json\/wp\/v2\/pages"}],"about":[{"href":"https:\/\/www.mueblesartisau.com\/eu\/wp-json\/wp\/v2\/types\/page"}],"author":[{"embeddable":true,"href":"https:\/\/www.mueblesartisau.com\/eu\/wp-json\/wp\/v2\/users\/1"}],"replies":[{"embeddable":true,"href":"https:\/\/www.mueblesartisau.com\/eu\/wp-json\/wp\/v2\/comments?post=124"}],"version-history":[{"count":2,"href":"https:\/\/www.mueblesartisau.com\/eu\/wp-json\/wp\/v2\/pages\/124\/revisions"}],"predecessor-version":[{"id":1309,"href":"https:\/\/www.mueblesartisau.com\/eu\/wp-json\/wp\/v2\/pages\/124\/revisions\/1309"}],"wp:attachment":[{"href":"https:\/\/www.mueblesartisau.com\/eu\/wp-json\/wp\/v2\/media?parent=124"}],"curies":[{"name":"wp","href":"https:\/\/api.w.org\/{rel}","templated":true}]}}