{"id":170,"date":"2020-11-12T16:49:24","date_gmt":"2020-11-12T15:49:24","guid":{"rendered":"https:\/\/www.mueblesartisau.com\/?page_id=170"},"modified":"2020-12-28T12:09:59","modified_gmt":"2020-12-28T11:09:59","slug":"servicios-para-profesionales","status":"publish","type":"page","link":"https:\/\/www.mueblesartisau.com\/eu\/servicios-para-profesionales\/","title":{"rendered":"Servicios para profesionales"},"content":{"rendered":"\t\t<div data-elementor-type=\"wp-page\" data-elementor-id=\"170\" class=\"elementor elementor-170\">\n\t\t\t\t\t\t<section class=\"elementor-section elementor-top-section elementor-element elementor-element-16495dcd elementor-section-height-min-height elementor-section-stretched elementor-section-boxed elementor-section-height-default elementor-section-items-middle\" data-id=\"16495dcd\" data-element_type=\"section\" data-e-type=\"section\" data-settings=\"{&quot;stretch_section&quot;:&quot;section-stretched&quot;,&quot;background_background&quot;:&quot;classic&quot;,&quot;shape_divider_bottom&quot;:&quot;mountains&quot;}\">\n\t\t\t\t\t\t\t<div class=\"elementor-background-overlay\"><\/div>\n\t\t\t\t\t\t<div class=\"elementor-shape elementor-shape-bottom\" aria-hidden=\"true\" data-negative=\"false\">\n\t\t\t<svg xmlns=\"http:\/\/www.w3.org\/2000\/svg\" viewBox=\"0 0 1000 100\" preserveAspectRatio=\"none\">\n\t<path class=\"elementor-shape-fill\" opacity=\"0.33\" d=\"M473,67.3c-203.9,88.3-263.1-34-320.3,0C66,119.1,0,59.7,0,59.7V0h1000v59.7 c0,0-62.1,26.1-94.9,29.3c-32.8,3.3-62.8-12.3-75.8-22.1C806,49.6,745.3,8.7,694.9,4.7S492.4,59,473,67.3z\"\/>\n\t<path class=\"elementor-shape-fill\" opacity=\"0.66\" d=\"M734,67.3c-45.5,0-77.2-23.2-129.1-39.1c-28.6-8.7-150.3-10.1-254,39.1 s-91.7-34.4-149.2,0C115.7,118.3,0,39.8,0,39.8V0h1000v36.5c0,0-28.2-18.5-92.1-18.5C810.2,18.1,775.7,67.3,734,67.3z\"\/>\n\t<path class=\"elementor-shape-fill\" d=\"M766.1,28.9c-200-57.5-266,65.5-395.1,19.5C242,1.8,242,5.4,184.8,20.6C128,35.8,132.3,44.9,89.9,52.5C28.6,63.7,0,0,0,0 h1000c0,0-9.9,40.9-83.6,48.1S829.6,47,766.1,28.9z\"\/>\n<\/svg>\t\t<\/div>\n\t\t\t\t\t<div class=\"elementor-container elementor-column-gap-default\">\n\t\t\t\t\t<div class=\"elementor-column elementor-col-100 elementor-top-column elementor-element elementor-element-eeac537\" data-id=\"eeac537\" data-element_type=\"column\" data-e-type=\"column\">\n\t\t\t<div class=\"elementor-widget-wrap\">\n\t\t\t\t\t\t\t<\/div>\n\t\t<\/div>\n\t\t\t\t\t<\/div>\n\t\t<\/section>\n\t\t\t\t<section class=\"elementor-section elementor-top-section elementor-element elementor-element-2df8560a elementor-section-stretched elementor-section-boxed elementor-section-height-default elementor-section-height-default\" data-id=\"2df8560a\" data-element_type=\"section\" data-e-type=\"section\" data-settings=\"{&quot;stretch_section&quot;:&quot;section-stretched&quot;}\">\n\t\t\t\t\t\t<div class=\"elementor-container elementor-column-gap-default\">\n\t\t\t\t\t<div class=\"elementor-column elementor-col-100 elementor-top-column elementor-element elementor-element-365c3776\" data-id=\"365c3776\" data-element_type=\"column\" data-e-type=\"column\">\n\t\t\t<div class=\"elementor-widget-wrap elementor-element-populated\">\n\t\t\t\t\t\t<div class=\"elementor-element elementor-element-3d64617c elementor-widget elementor-widget-heading\" data-id=\"3d64617c\" data-element_type=\"widget\" data-e-type=\"widget\" data-widget_type=\"heading.default\">\n\t\t\t\t<div class=\"elementor-widget-container\">\n\t\t\t\t\t<h1 class=\"elementor-heading-title elementor-size-default\">Profesionalentzako zerbitzuak<\/h1>\t\t\t\t<\/div>\n\t\t\t\t<\/div>\n\t\t\t\t<div class=\"elementor-element elementor-element-557466b elementor-widget elementor-widget-text-editor\" data-id=\"557466b\" data-element_type=\"widget\" data-e-type=\"widget\" data-widget_type=\"text-editor.default\">\n\t\t\t\t<div class=\"elementor-widget-container\">\n\t\t\t\t\t\t\t\t\tNeurriz egindako partikularrentzako egindako altzairuez aparte( Sukaldeak,\nbainugelak, logelak\u2026) Artisaun, profesionalentzako beste zerbitzu batzuk ere\neskaintzen ditugu( arkitekturako eta barne diseinuaren ikasketa, altzairien dena,\ndekoratzaileak\u2026)\t\t\t\t\t\t\t\t<\/div>\n\t\t\t\t<\/div>\n\t\t\t\t\t<\/div>\n\t\t<\/div>\n\t\t\t\t\t<\/div>\n\t\t<\/section>\n\t\t\t\t<section class=\"elementor-section elementor-top-section elementor-element elementor-element-5b8a768 elementor-section-stretched elementor-section-boxed elementor-section-height-default elementor-section-height-default\" data-id=\"5b8a768\" data-element_type=\"section\" data-e-type=\"section\" data-settings=\"{&quot;stretch_section&quot;:&quot;section-stretched&quot;}\">\n\t\t\t\t\t\t\t<div class=\"elementor-background-overlay\"><\/div>\n\t\t\t\t\t\t\t<div class=\"elementor-container elementor-column-gap-default\">\n\t\t\t\t\t<div class=\"elementor-column elementor-col-33 elementor-top-column elementor-element elementor-element-c9c6237\" data-id=\"c9c6237\" data-element_type=\"column\" data-e-type=\"column\">\n\t\t\t<div class=\"elementor-widget-wrap elementor-element-populated\">\n\t\t\t\t\t\t<div class=\"elementor-element elementor-element-ec04112 elementor-widget elementor-widget-text-editor\" data-id=\"ec04112\" data-element_type=\"widget\" data-e-type=\"widget\" data-widget_type=\"text-editor.default\">\n\t\t\t\t<div class=\"elementor-widget-container\">\n\t\t\t\t\t\t\t\t\t<img decoding=\"async\" class=\"alignnone size-medium wp-image-1272\" src=\"https:\/\/www.mueblesartisau.com\/wp-content\/uploads\/ic-arquitectos.png\" alt=\"Arkitektoentzako aroztegia\" width=\"100\" height=\"100\" \/>\n<h3>Arkitektoentzako aroztegia<\/h3>\n Era guztietako aroztegiko proiektuak egiten ditugu arkitektoentzako. Lokal komertzialak eta obra berriak besteak beste. \t\t\t\t\t\t\t\t<\/div>\n\t\t\t\t<\/div>\n\t\t\t\t\t<\/div>\n\t\t<\/div>\n\t\t\t\t<div class=\"elementor-column elementor-col-33 elementor-top-column elementor-element elementor-element-abf4d12\" data-id=\"abf4d12\" data-element_type=\"column\" data-e-type=\"column\">\n\t\t\t<div class=\"elementor-widget-wrap elementor-element-populated\">\n\t\t\t\t\t\t<div class=\"elementor-element elementor-element-e0598ab elementor-widget elementor-widget-text-editor\" data-id=\"e0598ab\" data-element_type=\"widget\" data-e-type=\"widget\" data-widget_type=\"text-editor.default\">\n\t\t\t\t<div class=\"elementor-widget-container\">\n\t\t\t\t\t\t\t\t\t<img decoding=\"async\" class=\"alignnone wp-image-1283 size-full\" src=\"https:\/\/www.mueblesartisau.com\/wp-content\/uploads\/ic-reformas.png\" alt=\"Eskariko erreforma\" width=\"100\" height=\"100\" \/>\n<h3>Eskariko erreforma<\/h3>\n Era guztietako erreformak egiten ditugu: Ateen eta leihoen ipinketa,lurrak, tarimak, txokoen erreforma eta elkarte gastronomikoenak baita\u2026\t\t\t\t\t\t\t\t<\/div>\n\t\t\t\t<\/div>\n\t\t\t\t\t<\/div>\n\t\t<\/div>\n\t\t\t\t<div class=\"elementor-column elementor-col-33 elementor-top-column elementor-element elementor-element-0b84b52\" data-id=\"0b84b52\" data-element_type=\"column\" data-e-type=\"column\">\n\t\t\t<div class=\"elementor-widget-wrap elementor-element-populated\">\n\t\t\t\t\t\t<div class=\"elementor-element elementor-element-023a2e8 elementor-widget elementor-widget-text-editor\" data-id=\"023a2e8\" data-element_type=\"widget\" data-e-type=\"widget\" data-widget_type=\"text-editor.default\">\n\t\t\t\t<div class=\"elementor-widget-container\">\n\t\t\t\t\t\t\t\t\t<img decoding=\"async\" class=\"alignnone wp-image-1282 size-full\" src=\"https:\/\/www.mueblesartisau.com\/wp-content\/uploads\/ic-estudios.png\" alt=\"Barne diseinuaren ikasketa\" width=\"100\" height=\"100\" \/>\n<h3>Barne diseinuaren ikasketa<\/h3>\nDekoratzaileekin kolaboratzen dugu, eta horretarako, pieza singularrak eta esklusibak diseinatu eta fabrikatzen ditugu neurriz egindako altzariak bane diseinuaren ikasketarako bezala.\t\t\t\t\t\t\t\t<\/div>\n\t\t\t\t<\/div>\n\t\t\t\t\t<\/div>\n\t\t<\/div>\n\t\t\t\t\t<\/div>\n\t\t<\/section>\n\t\t\t\t<section class=\"elementor-section elementor-top-section elementor-element elementor-element-445255d elementor-section-boxed elementor-section-height-default elementor-section-height-default\" data-id=\"445255d\" data-element_type=\"section\" data-e-type=\"section\">\n\t\t\t\t\t\t<div class=\"elementor-container elementor-column-gap-default\">\n\t\t\t\t\t<div class=\"elementor-column elementor-col-100 elementor-top-column elementor-element elementor-element-dc49a13\" data-id=\"dc49a13\" data-element_type=\"column\" data-e-type=\"column\">\n\t\t\t<div class=\"elementor-widget-wrap elementor-element-populated\">\n\t\t\t\t\t\t<div class=\"elementor-element elementor-element-6f19504 elementor-widget elementor-widget-shortcode\" data-id=\"6f19504\" data-element_type=\"widget\" data-e-type=\"widget\" data-widget_type=\"shortcode.default\">\n\t\t\t\t<div class=\"elementor-widget-container\">\n\t\t\t\t\t\t\t<div class=\"elementor-shortcode\"><div id=\"pfg-gallery-823\" class=\"pfg-gallery-wrapper pfg-loading pfg-template-photography\" data-gallery-id=\"823\" data-multi-select=\"false\" data-filter-logic=\"or\" data-filter-hierarchy=\"[]\" data-url-param=\"filter\" data-version=\"2.1.6\" data-lightbox-title=\"true\" data-lightbox-description=\"false\" data-show-preloader=\"true\" data-image-links=\"false\"><div class=\"pfg-preloader\"><div class=\"pfg-preloader-spinner\"><\/div><span class=\"pfg-preloader-text\">Loading...<\/span><\/div><div class=\"pfg-grid pfg-grid--masonry\" style=\"--pfg-gap: 20px; --pfg-border-radius: 0px; --pfg-radius: 0px; --pfg-overlay-color: rgba(0, 0, 0, 0.7); --pfg-primary-color: #3858e9; --pfg-caption-text: #1e293b; --pfg-caption-bg: #ffffff\"><div class=\"pfg-item  pfg-item-hover--hvr-grow-shadow\" data-id=\"824\"><a href=\"https:\/\/www.mueblesartisau.com\/wp-content\/uploads\/reformas-de-carpinteria-1.jpg\" class=\"pfg-item-link\" data-lightbox=\"pfg-823\" data-title=\"Reformas de carpinter\u00eda\"><img src=\"https:\/\/www.mueblesartisau.com\/wp-content\/uploads\/reformas-de-carpinteria-1.jpg\" srcset=\"https:\/\/www.mueblesartisau.com\/wp-content\/uploads\/reformas-de-carpinteria-1.jpg 900w, https:\/\/www.mueblesartisau.com\/wp-content\/uploads\/reformas-de-carpinteria-1-480x357.jpg 480w, https:\/\/www.mueblesartisau.com\/wp-content\/uploads\/reformas-de-carpinteria-1-600x447.jpg 600w, https:\/\/www.mueblesartisau.com\/wp-content\/uploads\/reformas-de-carpinteria-1-640x476.jpg 640w, https:\/\/www.mueblesartisau.com\/wp-content\/uploads\/reformas-de-carpinteria-1-768x572.jpg 768w\" sizes=\"(min-width: 1200px) 33vw, (min-width: 992px) 50vw, (min-width: 768px) 33vw, 100vw\" alt=\"Reformas de carpinter\u00eda\" loading=\"eager\" decoding=\"async\" class=\"pfg-item-image\"><\/a><\/div><div class=\"pfg-item  pfg-item-hover--hvr-grow-shadow\" data-id=\"825\"><a href=\"https:\/\/www.mueblesartisau.com\/wp-content\/uploads\/reformas-de-carpinteria-3.jpg\" class=\"pfg-item-link\" data-lightbox=\"pfg-823\" data-title=\"Reformas de edificios\"><img src=\"https:\/\/www.mueblesartisau.com\/wp-content\/uploads\/reformas-de-carpinteria-3.jpg\" srcset=\"https:\/\/www.mueblesartisau.com\/wp-content\/uploads\/reformas-de-carpinteria-3.jpg 900w, https:\/\/www.mueblesartisau.com\/wp-content\/uploads\/reformas-de-carpinteria-3-480x357.jpg 480w, https:\/\/www.mueblesartisau.com\/wp-content\/uploads\/reformas-de-carpinteria-3-600x447.jpg 600w, https:\/\/www.mueblesartisau.com\/wp-content\/uploads\/reformas-de-carpinteria-3-640x476.jpg 640w, https:\/\/www.mueblesartisau.com\/wp-content\/uploads\/reformas-de-carpinteria-3-768x572.jpg 768w\" sizes=\"(min-width: 1200px) 33vw, (min-width: 992px) 50vw, (min-width: 768px) 33vw, 100vw\" alt=\"Reformas de edificios\" loading=\"eager\" decoding=\"async\" class=\"pfg-item-image\"><\/a><\/div><div class=\"pfg-item  pfg-item-hover--hvr-grow-shadow\" data-id=\"1334\"><a href=\"https:\/\/www.mueblesartisau.com\/wp-content\/uploads\/carpinteria-a-medida-para-profesionales.jpg\" class=\"pfg-item-link\" data-lightbox=\"pfg-823\" data-title=\"Carpinteria a medida para profesionales\"><img src=\"https:\/\/www.mueblesartisau.com\/wp-content\/uploads\/carpinteria-a-medida-para-profesionales.jpg\" srcset=\"https:\/\/www.mueblesartisau.com\/wp-content\/uploads\/carpinteria-a-medida-para-profesionales.jpg 900w, https:\/\/www.mueblesartisau.com\/wp-content\/uploads\/carpinteria-a-medida-para-profesionales-480x640.jpg 480w, https:\/\/www.mueblesartisau.com\/wp-content\/uploads\/carpinteria-a-medida-para-profesionales-360x480.jpg 360w, https:\/\/www.mueblesartisau.com\/wp-content\/uploads\/carpinteria-a-medida-para-profesionales-768x1024.jpg 768w, https:\/\/www.mueblesartisau.com\/wp-content\/uploads\/carpinteria-a-medida-para-profesionales-600x800.jpg 600w\" sizes=\"(min-width: 1200px) 33vw, (min-width: 992px) 50vw, (min-width: 768px) 33vw, 100vw\" alt=\"Carpinteria a medida para profesionales\" loading=\"eager\" decoding=\"async\" class=\"pfg-item-image\"><\/a><\/div><\/div><\/div><\/div>\n\t\t\t\t\t\t<\/div>\n\t\t\t\t<\/div>\n\t\t\t\t\t<\/div>\n\t\t<\/div>\n\t\t\t\t\t<\/div>\n\t\t<\/section>\n\t\t\t\t<\/div>\n\t\t","protected":false},"excerpt":{"rendered":"<p>Servicios para profesionales Adem\u00e1s de la elaboraci\u00f3n de mobiliario a medida para particulares (cocinas, ba\u00f1os, dormitorios, etc.) en Artisau ofrecemos otros servicios para profesionales (Estudios de Arquitectura e Interiorismo, tiendas de mobiliario, decoradores&#8230;.). Carpinter\u00eda para arquitectos Realizamos todo tipo de proyectos de carpinter\u00eda para arquitectos. Tanto para locales comerciales, como obra nueva de portales, entre [&hellip;]<\/p>\n","protected":false},"author":1,"featured_media":0,"parent":0,"menu_order":4,"comment_status":"closed","ping_status":"closed","template":"page-templates\/exea-full.php","meta":{"footnotes":""},"class_list":["post-170","page","type-page","status-publish","hentry"],"yoast_head":"<!-- This site is optimized with the Yoast SEO plugin v27.6 - https:\/\/yoast.com\/product\/yoast-seo-wordpress\/ -->\n<title>Carpinter\u00eda para interiorismo, estudios de decoraci\u00f3n y arquitectos<\/title>\n<meta name=\"description\" content=\"Realizamos proyectos profesionales en madera para estudios de aquitectura, proyectos de interiorismo y decoraci\u00f3n.\" \/>\n<meta name=\"robots\" content=\"index, follow, max-snippet:-1, max-image-preview:large, max-video-preview:-1\" \/>\n<link rel=\"canonical\" href=\"http:\/\/Servicios%20para%20profesionales%20Adem\u00e1s%20de%20la%20elaboraci\u00f3n%20de%20mobiliario%20a%20medida%20para%20particulares%20(cocinas,%20ba\u00f1os,%20dormitorios,%20etc.)%20en%20Artisau%20ofrecemos%20otros%20servicios%20para%20profesionales%20(Estudios%20de%20Arquitectura%20e%20Interiorismo,%20tiendas%20de%20mobiliario,%20decoradores....).%20Carpinter\u00eda%20para%20arquitectos%20Realizamos%20todo%20tipo%20de%20proyectos%20de%20carpinter\u00eda%20para%20arquitectos.%20Tanto%20para%20locales%20comerciales,%20como%20obra%20nueva%20de%20portales,%20entre&hellip;\" \/>\n<meta property=\"og:locale\" content=\"en_US\" \/>\n<meta property=\"og:type\" content=\"article\" \/>\n<meta property=\"og:title\" content=\"Carpinter\u00eda para interiorismo, estudios de decoraci\u00f3n y arquitectos\" \/>\n<meta property=\"og:description\" content=\"Realizamos proyectos profesionales en madera para estudios de aquitectura, proyectos de interiorismo y decoraci\u00f3n.\" \/>\n<meta property=\"og:url\" content=\"https:\/\/www.mueblesartisau.com\/eu\/servicios-para-profesionales\/\" \/>\n<meta property=\"og:site_name\" content=\"Artisau\" \/>\n<meta property=\"article:modified_time\" content=\"2020-12-28T11:09:59+00:00\" \/>\n<meta property=\"og:image\" content=\"https:\/\/www.mueblesartisau.com\/wp-content\/uploads\/ic-arquitectos.png\" \/>\n<meta name=\"twitter:card\" content=\"summary_large_image\" \/>\n<meta name=\"twitter:label1\" content=\"Est. reading time\" \/>\n\t<meta name=\"twitter:data1\" content=\"1 minutua\" \/>\n<script type=\"application\/ld+json\" class=\"yoast-schema-graph\">{\"@context\":\"https:\\\/\\\/schema.org\",\"@graph\":[{\"@type\":\"WebPage\",\"@id\":\"https:\\\/\\\/www.mueblesartisau.com\\\/eu\\\/servicios-para-profesionales\\\/\",\"url\":\"https:\\\/\\\/www.mueblesartisau.com\\\/eu\\\/servicios-para-profesionales\\\/\",\"name\":\"Carpinter\u00eda para interiorismo, estudios de decoraci\u00f3n y arquitectos\",\"isPartOf\":{\"@id\":\"https:\\\/\\\/www.mueblesartisau.com\\\/#website\"},\"primaryImageOfPage\":{\"@id\":\"https:\\\/\\\/www.mueblesartisau.com\\\/eu\\\/servicios-para-profesionales\\\/#primaryimage\"},\"image\":{\"@id\":\"https:\\\/\\\/www.mueblesartisau.com\\\/eu\\\/servicios-para-profesionales\\\/#primaryimage\"},\"thumbnailUrl\":\"https:\\\/\\\/www.mueblesartisau.com\\\/wp-content\\\/uploads\\\/ic-arquitectos.png\",\"datePublished\":\"2020-11-12T15:49:24+00:00\",\"dateModified\":\"2020-12-28T11:09:59+00:00\",\"description\":\"Realizamos proyectos profesionales en madera para estudios de aquitectura, proyectos de interiorismo y decoraci\u00f3n.\",\"breadcrumb\":{\"@id\":\"https:\\\/\\\/www.mueblesartisau.com\\\/eu\\\/servicios-para-profesionales\\\/#breadcrumb\"},\"inLanguage\":\"eu\",\"potentialAction\":[{\"@type\":\"ReadAction\",\"target\":[\"https:\\\/\\\/www.mueblesartisau.com\\\/eu\\\/servicios-para-profesionales\\\/\"]}]},{\"@type\":\"ImageObject\",\"inLanguage\":\"eu\",\"@id\":\"https:\\\/\\\/www.mueblesartisau.com\\\/eu\\\/servicios-para-profesionales\\\/#primaryimage\",\"url\":\"https:\\\/\\\/www.mueblesartisau.com\\\/wp-content\\\/uploads\\\/ic-arquitectos.png\",\"contentUrl\":\"https:\\\/\\\/www.mueblesartisau.com\\\/wp-content\\\/uploads\\\/ic-arquitectos.png\"},{\"@type\":\"BreadcrumbList\",\"@id\":\"https:\\\/\\\/www.mueblesartisau.com\\\/eu\\\/servicios-para-profesionales\\\/#breadcrumb\",\"itemListElement\":[{\"@type\":\"ListItem\",\"position\":1,\"name\":\"P\u00e1gina de inicio\",\"item\":\"https:\\\/\\\/www.mueblesartisau.com\\\/\"},{\"@type\":\"ListItem\",\"position\":2,\"name\":\"Servicios para profesionales\"}]},{\"@type\":\"WebSite\",\"@id\":\"https:\\\/\\\/www.mueblesartisau.com\\\/eu\\\/#website\",\"url\":\"https:\\\/\\\/www.mueblesartisau.com\\\/eu\\\/\",\"name\":\"Artisau\",\"description\":\"Fabricaci\u00f3n de muebles de madera maciza\",\"publisher\":{\"@id\":\"https:\\\/\\\/www.mueblesartisau.com\\\/eu\\\/#organization\"},\"potentialAction\":[{\"@type\":\"SearchAction\",\"target\":{\"@type\":\"EntryPoint\",\"urlTemplate\":\"https:\\\/\\\/www.mueblesartisau.com\\\/eu\\\/?s={search_term_string}\"},\"query-input\":{\"@type\":\"PropertyValueSpecification\",\"valueRequired\":true,\"valueName\":\"search_term_string\"}}],\"inLanguage\":\"eu\"},{\"@type\":\"Organization\",\"@id\":\"https:\\\/\\\/www.mueblesartisau.com\\\/eu\\\/#organization\",\"name\":\"Artisau\",\"url\":\"https:\\\/\\\/www.mueblesartisau.com\\\/eu\\\/\",\"logo\":{\"@type\":\"ImageObject\",\"inLanguage\":\"eu\",\"@id\":\"https:\\\/\\\/www.mueblesartisau.com\\\/eu\\\/#\\\/schema\\\/logo\\\/image\\\/\",\"url\":\"https:\\\/\\\/www.mueblesartisau.com\\\/wp-content\\\/uploads\\\/artisau-muebles-de-madera.png\",\"contentUrl\":\"https:\\\/\\\/www.mueblesartisau.com\\\/wp-content\\\/uploads\\\/artisau-muebles-de-madera.png\",\"width\":286,\"height\":40,\"caption\":\"Artisau\"},\"image\":{\"@id\":\"https:\\\/\\\/www.mueblesartisau.com\\\/eu\\\/#\\\/schema\\\/logo\\\/image\\\/\"}}]}<\/script>\n<!-- \/ Yoast SEO plugin. -->","yoast_head_json":{"title":"Carpinter\u00eda para interiorismo, estudios de decoraci\u00f3n y arquitectos","description":"Realizamos proyectos profesionales en madera para estudios de aquitectura, proyectos de interiorismo y decoraci\u00f3n.","robots":{"index":"index","follow":"follow","max-snippet":"max-snippet:-1","max-image-preview":"max-image-preview:large","max-video-preview":"max-video-preview:-1"},"canonical":"Servicios para profesionales Adem\u00e1s de la elaboraci\u00f3n de mobiliario a medida para particulares (cocinas, ba\u00f1os, dormitorios, etc.) en Artisau ofrecemos otros servicios para profesionales (Estudios de Arquitectura e Interiorismo, tiendas de mobiliario, decoradores....). Carpinter\u00eda para arquitectos Realizamos todo tipo de proyectos de carpinter\u00eda para arquitectos. Tanto para locales comerciales, como obra nueva de portales, entre&hellip;","og_locale":"en_US","og_type":"article","og_title":"Carpinter\u00eda para interiorismo, estudios de decoraci\u00f3n y arquitectos","og_description":"Realizamos proyectos profesionales en madera para estudios de aquitectura, proyectos de interiorismo y decoraci\u00f3n.","og_url":"https:\/\/www.mueblesartisau.com\/eu\/servicios-para-profesionales\/","og_site_name":"Artisau","article_modified_time":"2020-12-28T11:09:59+00:00","og_image":[{"url":"https:\/\/www.mueblesartisau.com\/wp-content\/uploads\/ic-arquitectos.png","type":"","width":"","height":""}],"twitter_card":"summary_large_image","twitter_misc":{"Est. reading time":"1 minutua"},"schema":{"@context":"https:\/\/schema.org","@graph":[{"@type":"WebPage","@id":"https:\/\/www.mueblesartisau.com\/eu\/servicios-para-profesionales\/","url":"https:\/\/www.mueblesartisau.com\/eu\/servicios-para-profesionales\/","name":"Carpinter\u00eda para interiorismo, estudios de decoraci\u00f3n y arquitectos","isPartOf":{"@id":"https:\/\/www.mueblesartisau.com\/#website"},"primaryImageOfPage":{"@id":"https:\/\/www.mueblesartisau.com\/eu\/servicios-para-profesionales\/#primaryimage"},"image":{"@id":"https:\/\/www.mueblesartisau.com\/eu\/servicios-para-profesionales\/#primaryimage"},"thumbnailUrl":"https:\/\/www.mueblesartisau.com\/wp-content\/uploads\/ic-arquitectos.png","datePublished":"2020-11-12T15:49:24+00:00","dateModified":"2020-12-28T11:09:59+00:00","description":"Realizamos proyectos profesionales en madera para estudios de aquitectura, proyectos de interiorismo y decoraci\u00f3n.","breadcrumb":{"@id":"https:\/\/www.mueblesartisau.com\/eu\/servicios-para-profesionales\/#breadcrumb"},"inLanguage":"eu","potentialAction":[{"@type":"ReadAction","target":["https:\/\/www.mueblesartisau.com\/eu\/servicios-para-profesionales\/"]}]},{"@type":"ImageObject","inLanguage":"eu","@id":"https:\/\/www.mueblesartisau.com\/eu\/servicios-para-profesionales\/#primaryimage","url":"https:\/\/www.mueblesartisau.com\/wp-content\/uploads\/ic-arquitectos.png","contentUrl":"https:\/\/www.mueblesartisau.com\/wp-content\/uploads\/ic-arquitectos.png"},{"@type":"BreadcrumbList","@id":"https:\/\/www.mueblesartisau.com\/eu\/servicios-para-profesionales\/#breadcrumb","itemListElement":[{"@type":"ListItem","position":1,"name":"P\u00e1gina de inicio","item":"https:\/\/www.mueblesartisau.com\/"},{"@type":"ListItem","position":2,"name":"Servicios para profesionales"}]},{"@type":"WebSite","@id":"https:\/\/www.mueblesartisau.com\/eu\/#website","url":"https:\/\/www.mueblesartisau.com\/eu\/","name":"Artisau","description":"Fabricaci\u00f3n de muebles de madera maciza","publisher":{"@id":"https:\/\/www.mueblesartisau.com\/eu\/#organization"},"potentialAction":[{"@type":"SearchAction","target":{"@type":"EntryPoint","urlTemplate":"https:\/\/www.mueblesartisau.com\/eu\/?s={search_term_string}"},"query-input":{"@type":"PropertyValueSpecification","valueRequired":true,"valueName":"search_term_string"}}],"inLanguage":"eu"},{"@type":"Organization","@id":"https:\/\/www.mueblesartisau.com\/eu\/#organization","name":"Artisau","url":"https:\/\/www.mueblesartisau.com\/eu\/","logo":{"@type":"ImageObject","inLanguage":"eu","@id":"https:\/\/www.mueblesartisau.com\/eu\/#\/schema\/logo\/image\/","url":"https:\/\/www.mueblesartisau.com\/wp-content\/uploads\/artisau-muebles-de-madera.png","contentUrl":"https:\/\/www.mueblesartisau.com\/wp-content\/uploads\/artisau-muebles-de-madera.png","width":286,"height":40,"caption":"Artisau"},"image":{"@id":"https:\/\/www.mueblesartisau.com\/eu\/#\/schema\/logo\/image\/"}}]}},"_links":{"self":[{"href":"https:\/\/www.mueblesartisau.com\/eu\/wp-json\/wp\/v2\/pages\/170","targetHints":{"allow":["GET"]}}],"collection":[{"href":"https:\/\/www.mueblesartisau.com\/eu\/wp-json\/wp\/v2\/pages"}],"about":[{"href":"https:\/\/www.mueblesartisau.com\/eu\/wp-json\/wp\/v2\/types\/page"}],"author":[{"embeddable":true,"href":"https:\/\/www.mueblesartisau.com\/eu\/wp-json\/wp\/v2\/users\/1"}],"replies":[{"embeddable":true,"href":"https:\/\/www.mueblesartisau.com\/eu\/wp-json\/wp\/v2\/comments?post=170"}],"version-history":[{"count":2,"href":"https:\/\/www.mueblesartisau.com\/eu\/wp-json\/wp\/v2\/pages\/170\/revisions"}],"predecessor-version":[{"id":1305,"href":"https:\/\/www.mueblesartisau.com\/eu\/wp-json\/wp\/v2\/pages\/170\/revisions\/1305"}],"wp:attachment":[{"href":"https:\/\/www.mueblesartisau.com\/eu\/wp-json\/wp\/v2\/media?parent=170"}],"curies":[{"name":"wp","href":"https:\/\/api.w.org\/{rel}","templated":true}]}}