{"id":18,"date":"2019-03-04T22:25:53","date_gmt":"2019-03-04T21:25:53","guid":{"rendered":"https:\/\/www.mueblesartisau.com\/?page_id=18"},"modified":"2020-12-29T11:50:47","modified_gmt":"2020-12-29T10:50:47","slug":"la-empresa","status":"publish","type":"page","link":"https:\/\/www.mueblesartisau.com\/eu\/la-empresa\/","title":{"rendered":"Artisau"},"content":{"rendered":"\t\t<div data-elementor-type=\"wp-page\" data-elementor-id=\"18\" class=\"elementor elementor-18\">\n\t\t\t\t\t\t<section class=\"elementor-section elementor-top-section elementor-element elementor-element-0693ce4 elementor-section-height-min-height elementor-section-stretched elementor-section-boxed elementor-section-height-default elementor-section-items-middle\" data-id=\"0693ce4\" data-element_type=\"section\" data-e-type=\"section\" data-settings=\"{&quot;stretch_section&quot;:&quot;section-stretched&quot;,&quot;background_background&quot;:&quot;classic&quot;,&quot;shape_divider_bottom&quot;:&quot;mountains&quot;}\">\n\t\t\t\t\t\t\t<div class=\"elementor-background-overlay\"><\/div>\n\t\t\t\t\t\t<div class=\"elementor-shape elementor-shape-bottom\" aria-hidden=\"true\" data-negative=\"false\">\n\t\t\t<svg xmlns=\"http:\/\/www.w3.org\/2000\/svg\" viewBox=\"0 0 1000 100\" preserveAspectRatio=\"none\">\n\t<path class=\"elementor-shape-fill\" opacity=\"0.33\" d=\"M473,67.3c-203.9,88.3-263.1-34-320.3,0C66,119.1,0,59.7,0,59.7V0h1000v59.7 c0,0-62.1,26.1-94.9,29.3c-32.8,3.3-62.8-12.3-75.8-22.1C806,49.6,745.3,8.7,694.9,4.7S492.4,59,473,67.3z\"\/>\n\t<path class=\"elementor-shape-fill\" opacity=\"0.66\" d=\"M734,67.3c-45.5,0-77.2-23.2-129.1-39.1c-28.6-8.7-150.3-10.1-254,39.1 s-91.7-34.4-149.2,0C115.7,118.3,0,39.8,0,39.8V0h1000v36.5c0,0-28.2-18.5-92.1-18.5C810.2,18.1,775.7,67.3,734,67.3z\"\/>\n\t<path class=\"elementor-shape-fill\" d=\"M766.1,28.9c-200-57.5-266,65.5-395.1,19.5C242,1.8,242,5.4,184.8,20.6C128,35.8,132.3,44.9,89.9,52.5C28.6,63.7,0,0,0,0 h1000c0,0-9.9,40.9-83.6,48.1S829.6,47,766.1,28.9z\"\/>\n<\/svg>\t\t<\/div>\n\t\t\t\t\t<div class=\"elementor-container elementor-column-gap-default\">\n\t\t\t\t\t<div class=\"elementor-column elementor-col-100 elementor-top-column elementor-element elementor-element-c5b7a51\" data-id=\"c5b7a51\" data-element_type=\"column\" data-e-type=\"column\">\n\t\t\t<div class=\"elementor-widget-wrap\">\n\t\t\t\t\t\t\t<\/div>\n\t\t<\/div>\n\t\t\t\t\t<\/div>\n\t\t<\/section>\n\t\t\t\t<section class=\"elementor-section elementor-top-section elementor-element elementor-element-7b89338e elementor-section-stretched elementor-section-boxed elementor-section-height-default elementor-section-height-default\" data-id=\"7b89338e\" data-element_type=\"section\" data-e-type=\"section\" data-settings=\"{&quot;stretch_section&quot;:&quot;section-stretched&quot;}\">\n\t\t\t\t\t\t<div class=\"elementor-container elementor-column-gap-default\">\n\t\t\t\t\t<div class=\"elementor-column elementor-col-100 elementor-top-column elementor-element elementor-element-2412b7cc\" data-id=\"2412b7cc\" data-element_type=\"column\" data-e-type=\"column\">\n\t\t\t<div class=\"elementor-widget-wrap elementor-element-populated\">\n\t\t\t\t\t\t<div class=\"elementor-element elementor-element-5721c2c elementor-widget elementor-widget-heading\" data-id=\"5721c2c\" data-element_type=\"widget\" data-e-type=\"widget\" data-widget_type=\"heading.default\">\n\t\t\t\t<div class=\"elementor-widget-container\">\n\t\t\t\t\t<h1 class=\"elementor-heading-title elementor-size-default\">Artisau Altzariak<\/h1>\t\t\t\t<\/div>\n\t\t\t\t<\/div>\n\t\t\t\t\t<\/div>\n\t\t<\/div>\n\t\t\t\t\t<\/div>\n\t\t<\/section>\n\t\t\t\t<section class=\"elementor-section elementor-top-section elementor-element elementor-element-71b28ba elementor-section-stretched elementor-section-boxed elementor-section-height-default elementor-section-height-default\" data-id=\"71b28ba\" data-element_type=\"section\" data-e-type=\"section\" data-settings=\"{&quot;stretch_section&quot;:&quot;section-stretched&quot;}\">\n\t\t\t\t\t\t<div class=\"elementor-container elementor-column-gap-default\">\n\t\t\t\t\t<div class=\"elementor-column elementor-col-100 elementor-top-column elementor-element elementor-element-a4c1d10\" data-id=\"a4c1d10\" data-element_type=\"column\" data-e-type=\"column\">\n\t\t\t<div class=\"elementor-widget-wrap elementor-element-populated\">\n\t\t\t\t\t\t<div class=\"elementor-element elementor-element-fcfb110 elementor-widget elementor-widget-text-editor\" data-id=\"fcfb110\" data-element_type=\"widget\" data-e-type=\"widget\" data-widget_type=\"text-editor.default\">\n\t\t\t\t<div class=\"elementor-widget-container\">\n\t\t\t\t\t\t\t\t\t<p>Geure tailerra 2003.urtean jaio zen Miguel Angel Leal, arotz-ebanistaren bitartez,\nibilbide zabala daukana eskuz eta neurriz egindako altzariak diseinatu eta egiten.<\/p>\n\n<p>Neurriz egindako altzariak egiten ditugu geure bezeroentzat. Beraien etxeetara moldatuz eta beti toke pertsonal bat ematen diferentzia markatzen duena.\nGeure espezializatea haritzez egindako neurrira eginda dauden altzarien fabrikazioan datza, nola ez, taila pertsonalizatu bat izateko aukerarekin eta prozesua\nbeti eskuz egina.<\/p>\n\n<p>Geure altzariak fabrikatzeko lehenik lortu nahi dugun altzariaren marrazki bat\neskalaz egina marrazten dugu, eta ondoren, piezak fabrikatu eta mozketak muntatzen hasten dira. Akaberak, argizariara egiten ditugu ,barnizarekin eta rustikoa izanda edo taila baten bitartez.<\/p>\t\t\t\t\t\t\t\t<\/div>\n\t\t\t\t<\/div>\n\t\t\t\t\t<\/div>\n\t\t<\/div>\n\t\t\t\t\t<\/div>\n\t\t<\/section>\n\t\t\t\t<section class=\"elementor-section elementor-top-section elementor-element elementor-element-a651e71 elementor-section-stretched elementor-section-boxed elementor-section-height-default elementor-section-height-default\" data-id=\"a651e71\" data-element_type=\"section\" data-e-type=\"section\" data-settings=\"{&quot;stretch_section&quot;:&quot;section-stretched&quot;,&quot;background_background&quot;:&quot;classic&quot;}\">\n\t\t\t\t\t\t<div class=\"elementor-container elementor-column-gap-default\">\n\t\t\t\t\t<div class=\"elementor-column elementor-col-50 elementor-top-column elementor-element elementor-element-12dd1b1\" data-id=\"12dd1b1\" data-element_type=\"column\" data-e-type=\"column\">\n\t\t\t<div class=\"elementor-widget-wrap elementor-element-populated\">\n\t\t\t\t\t\t<div class=\"elementor-element elementor-element-44e5e1f elementor-widget elementor-widget-image\" data-id=\"44e5e1f\" data-element_type=\"widget\" data-e-type=\"widget\" data-widget_type=\"image.default\">\n\t\t\t\t<div class=\"elementor-widget-container\">\n\t\t\t\t\t\t\t\t\t\t\t\t\t\t\t<img decoding=\"async\" width=\"175\" height=\"192\" src=\"https:\/\/www.mueblesartisau.com\/wp-content\/uploads\/bosques-sostenibles.png\" class=\"attachment-large size-large wp-image-1344\" alt=\"Madera proveniente de bosques sostenibles\" \/>\t\t\t\t\t\t\t\t\t\t\t\t\t\t\t<\/div>\n\t\t\t\t<\/div>\n\t\t\t\t\t<\/div>\n\t\t<\/div>\n\t\t\t\t<div class=\"elementor-column elementor-col-50 elementor-top-column elementor-element elementor-element-5530b4a\" data-id=\"5530b4a\" data-element_type=\"column\" data-e-type=\"column\">\n\t\t\t<div class=\"elementor-widget-wrap elementor-element-populated\">\n\t\t\t\t\t\t<div class=\"elementor-element elementor-element-29cd287 elementor-widget elementor-widget-text-editor\" data-id=\"29cd287\" data-element_type=\"widget\" data-e-type=\"widget\" data-widget_type=\"text-editor.default\">\n\t\t\t\t<div class=\"elementor-widget-container\">\n\t\t\t\t\t\t\t\t\t<h2>Baso iraunkorrak<\/h2>\nArtisauan  baso jasangarrietatik dator  erabili dugun egur guztia eta pefc akredituak dituen, baso ingurumen iraunkorra du. \n\nHorrela, egurraren iturria bermatzen da eta basoaren masen konserbazioa, berrebosketak, sutearen arrriskutsua murritzea eta abar  sartzen duten.\t\t\t\t\t\t\t\t<\/div>\n\t\t\t\t<\/div>\n\t\t\t\t\t<\/div>\n\t\t<\/div>\n\t\t\t\t\t<\/div>\n\t\t<\/section>\n\t\t\t\t<\/div>\n\t\t","protected":false},"excerpt":{"rendered":"<p>Muebles Artisau Nuestro taller naci\u00f3 en 2003 de la mano de Miguel \u00c1ngel Leal, carpintero-ebanista con una amplia trayectoria en la elaboraci\u00f3n de muebles a medida. Elaboramos mobiliario a medida para nuestros clientes. Adaptado a sus hogares y siempre con un toque personal que marca la diferencia. Nuestra especialidad es la elaboraci\u00f3n de muebles de [&hellip;]<\/p>\n","protected":false},"author":1,"featured_media":0,"parent":0,"menu_order":2,"comment_status":"closed","ping_status":"closed","template":"page-templates\/exea-full.php","meta":{"footnotes":""},"class_list":["post-18","page","type-page","status-publish","hentry"],"yoast_head":"<!-- This site is optimized with the Yoast SEO plugin v27.6 - https:\/\/yoast.com\/product\/yoast-seo-wordpress\/ -->\n<title>Carpinter\u00eda a medida en Navarra para arquitectos y decoradores<\/title>\n<meta name=\"description\" content=\"Elaboramos mobiliario a medida en roble macizo, mueble sencillo y actual, con la opci\u00f3n de talla personalizada hecha a mano.\" \/>\n<meta name=\"robots\" content=\"index, follow, max-snippet:-1, max-image-preview:large, max-video-preview:-1\" \/>\n<link rel=\"canonical\" href=\"http:\/\/Muebles%20Artisau%20Nuestro%20taller%20naci\u00f3%20en%202003%20de%20la%20mano%20de%20Miguel%20\u00c1ngel%20Leal,%20carpintero-ebanista%20con%20una%20amplia%20trayectoria%20en%20la%20elaboraci\u00f3n%20de%20muebles%20a%20medida.Elaboramos%20mobiliario%20a%20medida%20para%20nuestros%20clientes.%20Adaptado%20a%20sus%20hogares%20y%20siempre%20con%20un%20toque%20personal%20que%20marca%20la%20diferencia.Nuestra%20especialidad%20es%20la%20elaboraci\u00f3n%20de%20muebles%20de%20roble%20a&hellip;\" \/>\n<meta property=\"og:locale\" content=\"en_US\" \/>\n<meta property=\"og:type\" content=\"article\" \/>\n<meta property=\"og:title\" content=\"Carpinter\u00eda a medida en Navarra para arquitectos y decoradores\" \/>\n<meta property=\"og:description\" content=\"Elaboramos mobiliario a medida en roble macizo, mueble sencillo y actual, con la opci\u00f3n de talla personalizada hecha a mano.\" \/>\n<meta property=\"og:url\" content=\"https:\/\/www.mueblesartisau.com\/eu\/la-empresa\/\" \/>\n<meta property=\"og:site_name\" content=\"Artisau\" \/>\n<meta property=\"article:modified_time\" content=\"2020-12-29T10:50:47+00:00\" \/>\n<meta property=\"og:image\" content=\"https:\/\/www.mueblesartisau.com\/wp-content\/uploads\/bosques-sostenibles.png\" \/>\n<meta name=\"twitter:card\" content=\"summary_large_image\" \/>\n<meta name=\"twitter:label1\" content=\"Est. reading time\" \/>\n\t<meta name=\"twitter:data1\" content=\"1 minutua\" \/>\n<script type=\"application\/ld+json\" class=\"yoast-schema-graph\">{\"@context\":\"https:\\\/\\\/schema.org\",\"@graph\":[{\"@type\":\"WebPage\",\"@id\":\"https:\\\/\\\/www.mueblesartisau.com\\\/eu\\\/la-empresa\\\/\",\"url\":\"https:\\\/\\\/www.mueblesartisau.com\\\/eu\\\/la-empresa\\\/\",\"name\":\"Carpinter\u00eda a medida en Navarra para arquitectos y decoradores\",\"isPartOf\":{\"@id\":\"https:\\\/\\\/www.mueblesartisau.com\\\/#website\"},\"primaryImageOfPage\":{\"@id\":\"https:\\\/\\\/www.mueblesartisau.com\\\/eu\\\/la-empresa\\\/#primaryimage\"},\"image\":{\"@id\":\"https:\\\/\\\/www.mueblesartisau.com\\\/eu\\\/la-empresa\\\/#primaryimage\"},\"thumbnailUrl\":\"https:\\\/\\\/www.mueblesartisau.com\\\/wp-content\\\/uploads\\\/bosques-sostenibles.png\",\"datePublished\":\"2019-03-04T21:25:53+00:00\",\"dateModified\":\"2020-12-29T10:50:47+00:00\",\"description\":\"Elaboramos mobiliario a medida en roble macizo, mueble sencillo y actual, con la opci\u00f3n de talla personalizada hecha a mano.\",\"breadcrumb\":{\"@id\":\"https:\\\/\\\/www.mueblesartisau.com\\\/eu\\\/la-empresa\\\/#breadcrumb\"},\"inLanguage\":\"eu\",\"potentialAction\":[{\"@type\":\"ReadAction\",\"target\":[\"https:\\\/\\\/www.mueblesartisau.com\\\/eu\\\/la-empresa\\\/\"]}]},{\"@type\":\"ImageObject\",\"inLanguage\":\"eu\",\"@id\":\"https:\\\/\\\/www.mueblesartisau.com\\\/eu\\\/la-empresa\\\/#primaryimage\",\"url\":\"https:\\\/\\\/www.mueblesartisau.com\\\/wp-content\\\/uploads\\\/bosques-sostenibles.png\",\"contentUrl\":\"https:\\\/\\\/www.mueblesartisau.com\\\/wp-content\\\/uploads\\\/bosques-sostenibles.png\"},{\"@type\":\"BreadcrumbList\",\"@id\":\"https:\\\/\\\/www.mueblesartisau.com\\\/eu\\\/la-empresa\\\/#breadcrumb\",\"itemListElement\":[{\"@type\":\"ListItem\",\"position\":1,\"name\":\"P\u00e1gina de inicio\",\"item\":\"https:\\\/\\\/www.mueblesartisau.com\\\/\"},{\"@type\":\"ListItem\",\"position\":2,\"name\":\"Artisau\"}]},{\"@type\":\"WebSite\",\"@id\":\"https:\\\/\\\/www.mueblesartisau.com\\\/eu\\\/#website\",\"url\":\"https:\\\/\\\/www.mueblesartisau.com\\\/eu\\\/\",\"name\":\"Artisau\",\"description\":\"Fabricaci\u00f3n de muebles de madera maciza\",\"publisher\":{\"@id\":\"https:\\\/\\\/www.mueblesartisau.com\\\/eu\\\/#organization\"},\"potentialAction\":[{\"@type\":\"SearchAction\",\"target\":{\"@type\":\"EntryPoint\",\"urlTemplate\":\"https:\\\/\\\/www.mueblesartisau.com\\\/eu\\\/?s={search_term_string}\"},\"query-input\":{\"@type\":\"PropertyValueSpecification\",\"valueRequired\":true,\"valueName\":\"search_term_string\"}}],\"inLanguage\":\"eu\"},{\"@type\":\"Organization\",\"@id\":\"https:\\\/\\\/www.mueblesartisau.com\\\/eu\\\/#organization\",\"name\":\"Artisau\",\"url\":\"https:\\\/\\\/www.mueblesartisau.com\\\/eu\\\/\",\"logo\":{\"@type\":\"ImageObject\",\"inLanguage\":\"eu\",\"@id\":\"https:\\\/\\\/www.mueblesartisau.com\\\/eu\\\/#\\\/schema\\\/logo\\\/image\\\/\",\"url\":\"https:\\\/\\\/www.mueblesartisau.com\\\/wp-content\\\/uploads\\\/artisau-muebles-de-madera.png\",\"contentUrl\":\"https:\\\/\\\/www.mueblesartisau.com\\\/wp-content\\\/uploads\\\/artisau-muebles-de-madera.png\",\"width\":286,\"height\":40,\"caption\":\"Artisau\"},\"image\":{\"@id\":\"https:\\\/\\\/www.mueblesartisau.com\\\/eu\\\/#\\\/schema\\\/logo\\\/image\\\/\"}}]}<\/script>\n<!-- \/ Yoast SEO plugin. -->","yoast_head_json":{"title":"Carpinter\u00eda a medida en Navarra para arquitectos y decoradores","description":"Elaboramos mobiliario a medida en roble macizo, mueble sencillo y actual, con la opci\u00f3n de talla personalizada hecha a mano.","robots":{"index":"index","follow":"follow","max-snippet":"max-snippet:-1","max-image-preview":"max-image-preview:large","max-video-preview":"max-video-preview:-1"},"canonical":"Muebles Artisau Nuestro taller naci\u00f3 en 2003 de la mano de Miguel \u00c1ngel Leal, carpintero-ebanista con una amplia trayectoria en la elaboraci\u00f3n de muebles a medida.Elaboramos mobiliario a medida para nuestros clientes. Adaptado a sus hogares y siempre con un toque personal que marca la diferencia.Nuestra especialidad es la elaboraci\u00f3n de muebles de roble a&hellip;","og_locale":"en_US","og_type":"article","og_title":"Carpinter\u00eda a medida en Navarra para arquitectos y decoradores","og_description":"Elaboramos mobiliario a medida en roble macizo, mueble sencillo y actual, con la opci\u00f3n de talla personalizada hecha a mano.","og_url":"https:\/\/www.mueblesartisau.com\/eu\/la-empresa\/","og_site_name":"Artisau","article_modified_time":"2020-12-29T10:50:47+00:00","og_image":[{"url":"https:\/\/www.mueblesartisau.com\/wp-content\/uploads\/bosques-sostenibles.png","type":"","width":"","height":""}],"twitter_card":"summary_large_image","twitter_misc":{"Est. reading time":"1 minutua"},"schema":{"@context":"https:\/\/schema.org","@graph":[{"@type":"WebPage","@id":"https:\/\/www.mueblesartisau.com\/eu\/la-empresa\/","url":"https:\/\/www.mueblesartisau.com\/eu\/la-empresa\/","name":"Carpinter\u00eda a medida en Navarra para arquitectos y decoradores","isPartOf":{"@id":"https:\/\/www.mueblesartisau.com\/#website"},"primaryImageOfPage":{"@id":"https:\/\/www.mueblesartisau.com\/eu\/la-empresa\/#primaryimage"},"image":{"@id":"https:\/\/www.mueblesartisau.com\/eu\/la-empresa\/#primaryimage"},"thumbnailUrl":"https:\/\/www.mueblesartisau.com\/wp-content\/uploads\/bosques-sostenibles.png","datePublished":"2019-03-04T21:25:53+00:00","dateModified":"2020-12-29T10:50:47+00:00","description":"Elaboramos mobiliario a medida en roble macizo, mueble sencillo y actual, con la opci\u00f3n de talla personalizada hecha a mano.","breadcrumb":{"@id":"https:\/\/www.mueblesartisau.com\/eu\/la-empresa\/#breadcrumb"},"inLanguage":"eu","potentialAction":[{"@type":"ReadAction","target":["https:\/\/www.mueblesartisau.com\/eu\/la-empresa\/"]}]},{"@type":"ImageObject","inLanguage":"eu","@id":"https:\/\/www.mueblesartisau.com\/eu\/la-empresa\/#primaryimage","url":"https:\/\/www.mueblesartisau.com\/wp-content\/uploads\/bosques-sostenibles.png","contentUrl":"https:\/\/www.mueblesartisau.com\/wp-content\/uploads\/bosques-sostenibles.png"},{"@type":"BreadcrumbList","@id":"https:\/\/www.mueblesartisau.com\/eu\/la-empresa\/#breadcrumb","itemListElement":[{"@type":"ListItem","position":1,"name":"P\u00e1gina de inicio","item":"https:\/\/www.mueblesartisau.com\/"},{"@type":"ListItem","position":2,"name":"Artisau"}]},{"@type":"WebSite","@id":"https:\/\/www.mueblesartisau.com\/eu\/#website","url":"https:\/\/www.mueblesartisau.com\/eu\/","name":"Artisau","description":"Fabricaci\u00f3n de muebles de madera maciza","publisher":{"@id":"https:\/\/www.mueblesartisau.com\/eu\/#organization"},"potentialAction":[{"@type":"SearchAction","target":{"@type":"EntryPoint","urlTemplate":"https:\/\/www.mueblesartisau.com\/eu\/?s={search_term_string}"},"query-input":{"@type":"PropertyValueSpecification","valueRequired":true,"valueName":"search_term_string"}}],"inLanguage":"eu"},{"@type":"Organization","@id":"https:\/\/www.mueblesartisau.com\/eu\/#organization","name":"Artisau","url":"https:\/\/www.mueblesartisau.com\/eu\/","logo":{"@type":"ImageObject","inLanguage":"eu","@id":"https:\/\/www.mueblesartisau.com\/eu\/#\/schema\/logo\/image\/","url":"https:\/\/www.mueblesartisau.com\/wp-content\/uploads\/artisau-muebles-de-madera.png","contentUrl":"https:\/\/www.mueblesartisau.com\/wp-content\/uploads\/artisau-muebles-de-madera.png","width":286,"height":40,"caption":"Artisau"},"image":{"@id":"https:\/\/www.mueblesartisau.com\/eu\/#\/schema\/logo\/image\/"}}]}},"_links":{"self":[{"href":"https:\/\/www.mueblesartisau.com\/eu\/wp-json\/wp\/v2\/pages\/18","targetHints":{"allow":["GET"]}}],"collection":[{"href":"https:\/\/www.mueblesartisau.com\/eu\/wp-json\/wp\/v2\/pages"}],"about":[{"href":"https:\/\/www.mueblesartisau.com\/eu\/wp-json\/wp\/v2\/types\/page"}],"author":[{"embeddable":true,"href":"https:\/\/www.mueblesartisau.com\/eu\/wp-json\/wp\/v2\/users\/1"}],"replies":[{"embeddable":true,"href":"https:\/\/www.mueblesartisau.com\/eu\/wp-json\/wp\/v2\/comments?post=18"}],"version-history":[{"count":2,"href":"https:\/\/www.mueblesartisau.com\/eu\/wp-json\/wp\/v2\/pages\/18\/revisions"}],"predecessor-version":[{"id":1401,"href":"https:\/\/www.mueblesartisau.com\/eu\/wp-json\/wp\/v2\/pages\/18\/revisions\/1401"}],"wp:attachment":[{"href":"https:\/\/www.mueblesartisau.com\/eu\/wp-json\/wp\/v2\/media?parent=18"}],"curies":[{"name":"wp","href":"https:\/\/api.w.org\/{rel}","templated":true}]}}