{"id":3,"date":"2019-03-04T10:11:14","date_gmt":"2019-03-04T09:11:14","guid":{"rendered":"http:\/\/localhost\/lostudelanos\/web\/?page_id=3"},"modified":"2020-12-15T13:02:10","modified_gmt":"2020-12-15T12:02:10","slug":"politica-privacidad","status":"publish","type":"page","link":"https:\/\/www.mueblesartisau.com\/eu\/politica-privacidad\/","title":{"rendered":"Pol\u00edtica de privacidad"},"content":{"rendered":"<div class=\"rgpd\">\n<h2> Pol\u00edtica de privacidad<\/h2>\n<p>Este Aviso de Privacidad proporciona un marco de entendimiento acerca del tratamiento de los datos personales recopilados por el Responsable de tratamiento de datos (como se define a continuaci\u00f3n), seg\u00fan lo exige la ley, incluidas las disposiciones del Reglamento General de Protecci\u00f3n de Datos de la Uni\u00f3n Europea (&#8216;RGPD&#8217;). Los datos personales ser\u00e1n controlados y procesados por el Responsable de tratamiento de datos de acuerdo con los t\u00e9rminos de este Aviso de Privacidad.<\/p>\n<ul>\n<li>Miguel \u00c1ngel Leal \u00dabeda &#8211; N.I.F. 18593724-H <\/li>\n<li>Pol. Ind. Arkinorruti nave 2. 31809 Olazti (Navarra)<\/li>\n<li>Tel\u00e9fono: 948 13 06 77 <\/li>\n<\/ul>\n<h3>\u00bfCon qu\u00e9 finalidad tratamos sus datos personales?<\/h3>\n<p>En <strong>Artisau<\/strong> tratamos la informaci\u00f3n que nos facilita con la finalidad de gestionar la relaci\u00f3n con los usuarios, gestionar el env\u00edo de la informaci\u00f3n que nos solicita y facilitar a los interesados ofertas de nuestros servicios y\/o productos de su inter\u00e9s.<\/p>\n<h3>\u00bfPor cu\u00e1nto tiempo conservaremos sus datos personales?<\/h3>\n<p>Sus datos, ser\u00e1n conservados el tiempo m\u00ednimo necesario para la correcta prestaci\u00f3n del servicio ofrecido as\u00ed como para atender las responsabilidades que se pudieran derivar del mismo y de cualquier otra   exigencia legal.<\/p>\n<h3>\u00bfCu\u00e1l es la legitimaci\u00f3n para el tratamiento de sus datos?<\/h3>\n<p>La base legal para el tratamiento de sus datos personales puede ser la ejecuci\u00f3n de una relaci\u00f3n contractual potencial y\/o suscrita, el inter\u00e9s leg\u00edtimo, la habilitaci\u00f3n legal y\/o el consentimiento del propio   interesado. Los datos que le solicitamos son adecuados, pertinentes y estrictamente necesarios y en ning\u00fan caso est\u00e1 obligado a facilit\u00e1rnoslos, \u00fanicamente debe facilitarnoslo en el caso de enviarnos un formulario a trav\u00e9s de la web, en cuyo caso debe aceptar previamente nuestra pol\u00edtica de privacidad..\u00a0<\/p>\n<h3>\u00bfA qu\u00e9 destinatarios se comunicar\u00e1n sus datos?<\/h3>\n<p><strong>Artisau<\/strong> no comunicar\u00e1 sus datos a ning\u00fan tercero, salvo que se informe de ello expresamente.<\/p>\n<h3>\u00bfCu\u00e1les son sus derechos cuando nos facilita sus datos?<\/h3>\n<p>Los derechos de protecci\u00f3n de datos de los que son titulares los interesados son:<\/p>\n<ul>\n<li>Derecho a solicitar el acceso a los datos personales relativos al interesado<\/li>\n<li>Derecho de rectificaci\u00f3n o supresi\u00f3n<\/li>\n<li>Derecho de oposici\u00f3n<\/li>\n<li>Derecho a solicitar la limitaci\u00f3n de su tratamiento<\/li>\n<li>Derecho a la portabilidad de los datos<\/li>\n<\/ul>\n<p>Los titulares de los datos personales obtenidos, podr\u00e1n ejercer sus derechos de protecci\u00f3n de datos personales dirigiendo una comunicaci\u00f3n   por escrito al domicilio social de <strong>Artisau<\/strong> o al correo electr\u00f3nico habilitado a tal efecto, artisau@mueblesartisau.com, incluyendo en ambos casos fotocopia de su DNI u otro documento de identificaci\u00f3n equivalente.<\/p>\n<p>Modelos, formularios y m\u00e1s informaci\u00f3n disponible sobre sus derechos en la p\u00e1gina web de la autoridad de control nacional, Agencia Espa\u00f1ola   de Protecci\u00f3n de Datos, en adelante, AEPD, <a href=\"http:\/\/www.agpd.es\">www.agpd.es<\/a>.<\/p>\n<h3>\u00bfPuedo retirar el consentimiento?<\/h3>\n<p>Usted tiene la posibilidad y el derecho a retirar el consentimiento para cualquiera finalidad espec\u00edfica otorgada en su momento, sin que   ello afecte a la licitud del tratamiento basado en el consentimiento previo a su retirada.<\/p>\n<h3>\u00bfD\u00f3nde puedo reclamar en caso de que considere que no se tratan mis datos correctamente?<\/h3>\n<p>Si alg\u00fan interesado considera que sus datos no son tratados   correctamente por <strong>Artisau<\/strong> puede dirigir sus reclamaciones al correo <strong>artisau@mueblesartisau.com<\/strong>  o a la autoridad de protecci\u00f3n de datos que corresponda, siendo la AEPD la indicada en el territorio nacional, <a href=\"http:\/\/www.agpd.es\">www.agpd.es<\/a><\/p>\n<h3>Seguridad y actualizaci\u00f3n de sus datos personales<\/h3>\n<p>Con el objetivo de salvaguardar la seguridad de sus datos personales, le informamos que <strong>Artisau<\/strong> ha adoptado todas las medidas de \u00edndole t\u00e9cnica y organizativa necesarias para   garantizar la seguridad de los datos personales suministrados. Todo ello para evitar su alteraci\u00f3n, p\u00e9rdida, y\/o tratamientos o accesos no autorizados, tal como exige la normativa, si bien la seguridad absoluta   no existe.<\/p>\n<p>Es importante que, para que podamos mantener sus datos personales actualizados, nos informe siempre que se produzca una modificaci\u00f3n de los mismos.\u00a0<\/p>\n<h3>Confidencialidad<\/h3>\n<p><strong>Artisau<\/strong> le informa que sus datos  ser\u00e1n tratados con el m\u00e1ximo celo y confidencialidad por todo el   personal que intervenga en cualquiera de las fases del tratamiento. No   cederemos ni comunicaremos a ning\u00fan tercero sus datos, excepto en los   casos legalmente previstos, o salvo que el interesado nos hubiera autorizado expresamente.<\/p>\n<\/p><\/div>\n","protected":false},"excerpt":{"rendered":"<p>Pol\u00edtica de privacidad Este Aviso de Privacidad proporciona un marco de entendimiento acerca del tratamiento de los datos personales recopilados por el Responsable de tratamiento de datos (como se define a continuaci\u00f3n), seg\u00fan lo exige la ley, incluidas las disposiciones del Reglamento General de Protecci\u00f3n de Datos de la Uni\u00f3n Europea (&#8216;RGPD&#8217;). Los datos personales [&hellip;]<\/p>\n","protected":false},"author":1,"featured_media":0,"parent":0,"menu_order":8,"comment_status":"closed","ping_status":"closed","template":"","meta":{"footnotes":""},"class_list":["post-3","page","type-page","status-publish","hentry"],"yoast_head":"<!-- This site is optimized with the Yoast SEO plugin v27.6 - https:\/\/yoast.com\/product\/yoast-seo-wordpress\/ -->\n<title>Pol\u00edtica de privacidad<\/title>\n<meta name=\"description\" content=\"Pol\u00edtica de privacidad Este Aviso de Privacidad proporciona un marco de entendimiento acerca del tratamiento de los datos personales recopilados por el Responsable de tratamiento de datos (como se define a continuaci\u00f3n), seg\u00fan lo exige la ley, incluidas las disposiciones del Reglamento General de Protecci\u00f3n de Datos de la Uni\u00f3n Europea (&#039;RGPD&#039;). Los datos personales&hellip;\" \/>\n<meta name=\"robots\" content=\"index, follow, max-snippet:-1, max-image-preview:large, max-video-preview:-1\" \/>\n<link rel=\"canonical\" href=\"http:\/\/Pol\u00edtica%20de%20privacidad%20Este%20Aviso%20de%20Privacidad%20proporciona%20un%20marco%20de%20entendimiento%20acerca%20del%20tratamiento%20de%20los%20datos%20personales%20recopilados%20por%20el%20Responsable%20de%20tratamiento%20de%20datos%20(como%20se%20define%20a%20continuaci\u00f3n),%20seg\u00fan%20lo%20exige%20la%20ley,%20incluidas%20las%20disposiciones%20del%20Reglamento%20General%20de%20Protecci\u00f3n%20de%20Datos%20de%20la%20Uni\u00f3n%20Europea%20('RGPD').%20Los%20datos%20personales&hellip;\" \/>\n<meta property=\"og:locale\" content=\"en_US\" \/>\n<meta property=\"og:type\" content=\"article\" \/>\n<meta property=\"og:title\" content=\"Pol\u00edtica de privacidad\" \/>\n<meta property=\"og:description\" content=\"Pol\u00edtica de privacidad Este Aviso de Privacidad proporciona un marco de entendimiento acerca del tratamiento de los datos personales recopilados por el Responsable de tratamiento de datos (como se define a continuaci\u00f3n), seg\u00fan lo exige la ley, incluidas las disposiciones del Reglamento General de Protecci\u00f3n de Datos de la Uni\u00f3n Europea (&#039;RGPD&#039;). Los datos personales&hellip;\" \/>\n<meta property=\"og:url\" content=\"https:\/\/www.mueblesartisau.com\/eu\/politica-privacidad\/\" \/>\n<meta property=\"og:site_name\" content=\"Artisau\" \/>\n<meta property=\"article:modified_time\" content=\"2020-12-15T12:02:10+00:00\" \/>\n<meta name=\"twitter:card\" content=\"summary_large_image\" \/>\n<meta name=\"twitter:label1\" content=\"Est. reading time\" \/>\n\t<meta name=\"twitter:data1\" content=\"4 minutua\" \/>\n<script type=\"application\/ld+json\" class=\"yoast-schema-graph\">{\"@context\":\"https:\\\/\\\/schema.org\",\"@graph\":[{\"@type\":\"WebPage\",\"@id\":\"https:\\\/\\\/www.mueblesartisau.com\\\/eu\\\/politica-privacidad\\\/\",\"url\":\"https:\\\/\\\/www.mueblesartisau.com\\\/eu\\\/politica-privacidad\\\/\",\"name\":\"Pol\u00edtica de privacidad - Artisau\",\"isPartOf\":{\"@id\":\"https:\\\/\\\/www.mueblesartisau.com\\\/#website\"},\"datePublished\":\"2019-03-04T09:11:14+00:00\",\"dateModified\":\"2020-12-15T12:02:10+00:00\",\"breadcrumb\":{\"@id\":\"https:\\\/\\\/www.mueblesartisau.com\\\/eu\\\/politica-privacidad\\\/#breadcrumb\"},\"inLanguage\":\"eu\",\"potentialAction\":[{\"@type\":\"ReadAction\",\"target\":[\"https:\\\/\\\/www.mueblesartisau.com\\\/eu\\\/politica-privacidad\\\/\"]}]},{\"@type\":\"BreadcrumbList\",\"@id\":\"https:\\\/\\\/www.mueblesartisau.com\\\/eu\\\/politica-privacidad\\\/#breadcrumb\",\"itemListElement\":[{\"@type\":\"ListItem\",\"position\":1,\"name\":\"P\u00e1gina de inicio\",\"item\":\"https:\\\/\\\/www.mueblesartisau.com\\\/\"},{\"@type\":\"ListItem\",\"position\":2,\"name\":\"Pol\u00edtica de privacidad\"}]},{\"@type\":\"WebSite\",\"@id\":\"https:\\\/\\\/www.mueblesartisau.com\\\/eu\\\/#website\",\"url\":\"https:\\\/\\\/www.mueblesartisau.com\\\/eu\\\/\",\"name\":\"Artisau\",\"description\":\"Fabricaci\u00f3n de muebles de madera maciza\",\"publisher\":{\"@id\":\"https:\\\/\\\/www.mueblesartisau.com\\\/eu\\\/#organization\"},\"potentialAction\":[{\"@type\":\"SearchAction\",\"target\":{\"@type\":\"EntryPoint\",\"urlTemplate\":\"https:\\\/\\\/www.mueblesartisau.com\\\/eu\\\/?s={search_term_string}\"},\"query-input\":{\"@type\":\"PropertyValueSpecification\",\"valueRequired\":true,\"valueName\":\"search_term_string\"}}],\"inLanguage\":\"eu\"},{\"@type\":\"Organization\",\"@id\":\"https:\\\/\\\/www.mueblesartisau.com\\\/eu\\\/#organization\",\"name\":\"Artisau\",\"url\":\"https:\\\/\\\/www.mueblesartisau.com\\\/eu\\\/\",\"logo\":{\"@type\":\"ImageObject\",\"inLanguage\":\"eu\",\"@id\":\"https:\\\/\\\/www.mueblesartisau.com\\\/eu\\\/#\\\/schema\\\/logo\\\/image\\\/\",\"url\":\"https:\\\/\\\/www.mueblesartisau.com\\\/wp-content\\\/uploads\\\/artisau-muebles-de-madera.png\",\"contentUrl\":\"https:\\\/\\\/www.mueblesartisau.com\\\/wp-content\\\/uploads\\\/artisau-muebles-de-madera.png\",\"width\":286,\"height\":40,\"caption\":\"Artisau\"},\"image\":{\"@id\":\"https:\\\/\\\/www.mueblesartisau.com\\\/eu\\\/#\\\/schema\\\/logo\\\/image\\\/\"}}]}<\/script>\n<!-- \/ Yoast SEO plugin. -->","yoast_head_json":{"title":"Pol\u00edtica de privacidad","description":"Pol\u00edtica de privacidad Este Aviso de Privacidad proporciona un marco de entendimiento acerca del tratamiento de los datos personales recopilados por el Responsable de tratamiento de datos (como se define a continuaci\u00f3n), seg\u00fan lo exige la ley, incluidas las disposiciones del Reglamento General de Protecci\u00f3n de Datos de la Uni\u00f3n Europea ('RGPD'). Los datos personales&hellip;","robots":{"index":"index","follow":"follow","max-snippet":"max-snippet:-1","max-image-preview":"max-image-preview:large","max-video-preview":"max-video-preview:-1"},"canonical":"Pol\u00edtica de privacidad Este Aviso de Privacidad proporciona un marco de entendimiento acerca del tratamiento de los datos personales recopilados por el Responsable de tratamiento de datos (como se define a continuaci\u00f3n), seg\u00fan lo exige la ley, incluidas las disposiciones del Reglamento General de Protecci\u00f3n de Datos de la Uni\u00f3n Europea ('RGPD'). Los datos personales&hellip;","og_locale":"en_US","og_type":"article","og_title":"Pol\u00edtica de privacidad","og_description":"Pol\u00edtica de privacidad Este Aviso de Privacidad proporciona un marco de entendimiento acerca del tratamiento de los datos personales recopilados por el Responsable de tratamiento de datos (como se define a continuaci\u00f3n), seg\u00fan lo exige la ley, incluidas las disposiciones del Reglamento General de Protecci\u00f3n de Datos de la Uni\u00f3n Europea ('RGPD'). Los datos personales&hellip;","og_url":"https:\/\/www.mueblesartisau.com\/eu\/politica-privacidad\/","og_site_name":"Artisau","article_modified_time":"2020-12-15T12:02:10+00:00","twitter_card":"summary_large_image","twitter_misc":{"Est. reading time":"4 minutua"},"schema":{"@context":"https:\/\/schema.org","@graph":[{"@type":"WebPage","@id":"https:\/\/www.mueblesartisau.com\/eu\/politica-privacidad\/","url":"https:\/\/www.mueblesartisau.com\/eu\/politica-privacidad\/","name":"Pol\u00edtica de privacidad - Artisau","isPartOf":{"@id":"https:\/\/www.mueblesartisau.com\/#website"},"datePublished":"2019-03-04T09:11:14+00:00","dateModified":"2020-12-15T12:02:10+00:00","breadcrumb":{"@id":"https:\/\/www.mueblesartisau.com\/eu\/politica-privacidad\/#breadcrumb"},"inLanguage":"eu","potentialAction":[{"@type":"ReadAction","target":["https:\/\/www.mueblesartisau.com\/eu\/politica-privacidad\/"]}]},{"@type":"BreadcrumbList","@id":"https:\/\/www.mueblesartisau.com\/eu\/politica-privacidad\/#breadcrumb","itemListElement":[{"@type":"ListItem","position":1,"name":"P\u00e1gina de inicio","item":"https:\/\/www.mueblesartisau.com\/"},{"@type":"ListItem","position":2,"name":"Pol\u00edtica de privacidad"}]},{"@type":"WebSite","@id":"https:\/\/www.mueblesartisau.com\/eu\/#website","url":"https:\/\/www.mueblesartisau.com\/eu\/","name":"Artisau","description":"Fabricaci\u00f3n de muebles de madera maciza","publisher":{"@id":"https:\/\/www.mueblesartisau.com\/eu\/#organization"},"potentialAction":[{"@type":"SearchAction","target":{"@type":"EntryPoint","urlTemplate":"https:\/\/www.mueblesartisau.com\/eu\/?s={search_term_string}"},"query-input":{"@type":"PropertyValueSpecification","valueRequired":true,"valueName":"search_term_string"}}],"inLanguage":"eu"},{"@type":"Organization","@id":"https:\/\/www.mueblesartisau.com\/eu\/#organization","name":"Artisau","url":"https:\/\/www.mueblesartisau.com\/eu\/","logo":{"@type":"ImageObject","inLanguage":"eu","@id":"https:\/\/www.mueblesartisau.com\/eu\/#\/schema\/logo\/image\/","url":"https:\/\/www.mueblesartisau.com\/wp-content\/uploads\/artisau-muebles-de-madera.png","contentUrl":"https:\/\/www.mueblesartisau.com\/wp-content\/uploads\/artisau-muebles-de-madera.png","width":286,"height":40,"caption":"Artisau"},"image":{"@id":"https:\/\/www.mueblesartisau.com\/eu\/#\/schema\/logo\/image\/"}}]}},"_links":{"self":[{"href":"https:\/\/www.mueblesartisau.com\/eu\/wp-json\/wp\/v2\/pages\/3","targetHints":{"allow":["GET"]}}],"collection":[{"href":"https:\/\/www.mueblesartisau.com\/eu\/wp-json\/wp\/v2\/pages"}],"about":[{"href":"https:\/\/www.mueblesartisau.com\/eu\/wp-json\/wp\/v2\/types\/page"}],"author":[{"embeddable":true,"href":"https:\/\/www.mueblesartisau.com\/eu\/wp-json\/wp\/v2\/users\/1"}],"replies":[{"embeddable":true,"href":"https:\/\/www.mueblesartisau.com\/eu\/wp-json\/wp\/v2\/comments?post=3"}],"version-history":[{"count":2,"href":"https:\/\/www.mueblesartisau.com\/eu\/wp-json\/wp\/v2\/pages\/3\/revisions"}],"predecessor-version":[{"id":1311,"href":"https:\/\/www.mueblesartisau.com\/eu\/wp-json\/wp\/v2\/pages\/3\/revisions\/1311"}],"wp:attachment":[{"href":"https:\/\/www.mueblesartisau.com\/eu\/wp-json\/wp\/v2\/media?parent=3"}],"curies":[{"name":"wp","href":"https:\/\/api.w.org\/{rel}","templated":true}]}}