{"id":946,"date":"2020-12-01T12:27:36","date_gmt":"2020-12-01T11:27:36","guid":{"rendered":"https:\/\/www.mueblesartisau.com\/?page_id=946"},"modified":"2020-12-28T10:29:51","modified_gmt":"2020-12-28T09:29:51","slug":"carpinteria-en-general","status":"publish","type":"page","link":"https:\/\/www.mueblesartisau.com\/eu\/carpinteria-en-general\/","title":{"rendered":"Carpinter\u00eda en general"},"content":{"rendered":"\t\t<div data-elementor-type=\"wp-page\" data-elementor-id=\"946\" class=\"elementor elementor-946\">\n\t\t\t\t\t\t<section class=\"elementor-section elementor-top-section elementor-element elementor-element-16495dcd elementor-section-height-min-height elementor-section-stretched elementor-section-boxed elementor-section-height-default elementor-section-items-middle\" data-id=\"16495dcd\" data-element_type=\"section\" data-e-type=\"section\" data-settings=\"{&quot;stretch_section&quot;:&quot;section-stretched&quot;,&quot;background_background&quot;:&quot;classic&quot;,&quot;shape_divider_bottom&quot;:&quot;mountains&quot;}\">\n\t\t\t\t\t\t\t<div class=\"elementor-background-overlay\"><\/div>\n\t\t\t\t\t\t<div class=\"elementor-shape elementor-shape-bottom\" aria-hidden=\"true\" data-negative=\"false\">\n\t\t\t<svg xmlns=\"http:\/\/www.w3.org\/2000\/svg\" viewBox=\"0 0 1000 100\" preserveAspectRatio=\"none\">\n\t<path class=\"elementor-shape-fill\" opacity=\"0.33\" d=\"M473,67.3c-203.9,88.3-263.1-34-320.3,0C66,119.1,0,59.7,0,59.7V0h1000v59.7 c0,0-62.1,26.1-94.9,29.3c-32.8,3.3-62.8-12.3-75.8-22.1C806,49.6,745.3,8.7,694.9,4.7S492.4,59,473,67.3z\"\/>\n\t<path class=\"elementor-shape-fill\" opacity=\"0.66\" d=\"M734,67.3c-45.5,0-77.2-23.2-129.1-39.1c-28.6-8.7-150.3-10.1-254,39.1 s-91.7-34.4-149.2,0C115.7,118.3,0,39.8,0,39.8V0h1000v36.5c0,0-28.2-18.5-92.1-18.5C810.2,18.1,775.7,67.3,734,67.3z\"\/>\n\t<path class=\"elementor-shape-fill\" d=\"M766.1,28.9c-200-57.5-266,65.5-395.1,19.5C242,1.8,242,5.4,184.8,20.6C128,35.8,132.3,44.9,89.9,52.5C28.6,63.7,0,0,0,0 h1000c0,0-9.9,40.9-83.6,48.1S829.6,47,766.1,28.9z\"\/>\n<\/svg>\t\t<\/div>\n\t\t\t\t\t<div class=\"elementor-container elementor-column-gap-default\">\n\t\t\t\t\t<div class=\"elementor-column elementor-col-100 elementor-top-column elementor-element elementor-element-42837fef\" data-id=\"42837fef\" data-element_type=\"column\" data-e-type=\"column\">\n\t\t\t<div class=\"elementor-widget-wrap\">\n\t\t\t\t\t\t\t<\/div>\n\t\t<\/div>\n\t\t\t\t\t<\/div>\n\t\t<\/section>\n\t\t\t\t<section class=\"elementor-section elementor-top-section elementor-element elementor-element-2df8560a elementor-section-stretched elementor-section-boxed elementor-section-height-default elementor-section-height-default\" data-id=\"2df8560a\" data-element_type=\"section\" data-e-type=\"section\" data-settings=\"{&quot;stretch_section&quot;:&quot;section-stretched&quot;}\">\n\t\t\t\t\t\t<div class=\"elementor-container elementor-column-gap-default\">\n\t\t\t\t\t<div class=\"elementor-column elementor-col-100 elementor-top-column elementor-element elementor-element-365c3776\" data-id=\"365c3776\" data-element_type=\"column\" data-e-type=\"column\">\n\t\t\t<div class=\"elementor-widget-wrap elementor-element-populated\">\n\t\t\t\t\t\t<div class=\"elementor-element elementor-element-3d64617c elementor-widget elementor-widget-heading\" data-id=\"3d64617c\" data-element_type=\"widget\" data-e-type=\"widget\" data-widget_type=\"heading.default\">\n\t\t\t\t<div class=\"elementor-widget-container\">\n\t\t\t\t\t<h1 class=\"elementor-heading-title elementor-size-default\">Arotzeria orokorrean<\/h1>\t\t\t\t<\/div>\n\t\t\t\t<\/div>\n\t\t\t\t<div class=\"elementor-element elementor-element-557466b elementor-widget elementor-widget-text-editor\" data-id=\"557466b\" data-element_type=\"widget\" data-e-type=\"widget\" data-widget_type=\"text-editor.default\">\n\t\t\t\t<div class=\"elementor-widget-container\">\n\t\t\t\t\t\t\t\t\tArotzegirako soluzioak ematen ditugu geure bezeroen beharrak kontutan edukita.\n\nEskailerak, sarrerako ateak, barrurako ateak, lurzoruak\u2026\nGurekin kontaktuan jarri eta balorazio pertsonalizatu bat egingo dizugu.\t\t\t\t\t\t\t\t<\/div>\n\t\t\t\t<\/div>\n\t\t\t\t\t<\/div>\n\t\t<\/div>\n\t\t\t\t\t<\/div>\n\t\t<\/section>\n\t\t\t\t<section class=\"elementor-section elementor-top-section elementor-element elementor-element-445255d elementor-section-boxed elementor-section-height-default elementor-section-height-default\" data-id=\"445255d\" data-element_type=\"section\" data-e-type=\"section\">\n\t\t\t\t\t\t<div class=\"elementor-container elementor-column-gap-default\">\n\t\t\t\t\t<div class=\"elementor-column elementor-col-100 elementor-top-column elementor-element elementor-element-dc49a13\" data-id=\"dc49a13\" data-element_type=\"column\" data-e-type=\"column\">\n\t\t\t<div class=\"elementor-widget-wrap elementor-element-populated\">\n\t\t\t\t\t\t<div class=\"elementor-element elementor-element-6f19504 elementor-widget elementor-widget-shortcode\" data-id=\"6f19504\" data-element_type=\"widget\" data-e-type=\"widget\" data-widget_type=\"shortcode.default\">\n\t\t\t\t<div class=\"elementor-widget-container\">\n\t\t\t\t\t\t\t<div class=\"elementor-shortcode\"><div id=\"pfg-gallery-957\" class=\"pfg-gallery-wrapper pfg-loading pfg-template-photography\" data-gallery-id=\"957\" data-multi-select=\"false\" data-filter-logic=\"or\" data-filter-hierarchy=\"[]\" data-url-param=\"filter\" data-version=\"2.1.6\" data-lightbox-title=\"true\" data-lightbox-description=\"false\" data-show-preloader=\"true\" data-image-links=\"false\"><div class=\"pfg-preloader\"><div class=\"pfg-preloader-spinner\"><\/div><span class=\"pfg-preloader-text\">Loading...<\/span><\/div><div class=\"pfg-grid pfg-grid--masonry\" style=\"--pfg-gap: 20px; --pfg-border-radius: 0px; --pfg-radius: 0px; --pfg-overlay-color: rgba(0, 0, 0, 0.7); --pfg-primary-color: #3858e9; --pfg-caption-text: #1e293b; --pfg-caption-bg: #ffffff\"><div class=\"pfg-item  pfg-item-hover--hvr-grow-shadow\" data-id=\"958\"><a href=\"https:\/\/www.mueblesartisau.com\/wp-content\/uploads\/carpinteria-general-1.jpg\" class=\"pfg-item-link\" data-lightbox=\"pfg-957\" data-title=\"Trabajos de carpinter\u00eda en general\"><img src=\"https:\/\/www.mueblesartisau.com\/wp-content\/uploads\/carpinteria-general-1.jpg\" srcset=\"https:\/\/www.mueblesartisau.com\/wp-content\/uploads\/carpinteria-general-1.jpg 900w, https:\/\/www.mueblesartisau.com\/wp-content\/uploads\/carpinteria-general-1-640x476.jpg 640w, https:\/\/www.mueblesartisau.com\/wp-content\/uploads\/carpinteria-general-1-480x357.jpg 480w, https:\/\/www.mueblesartisau.com\/wp-content\/uploads\/carpinteria-general-1-768x572.jpg 768w, https:\/\/www.mueblesartisau.com\/wp-content\/uploads\/carpinteria-general-1-600x447.jpg 600w\" sizes=\"(min-width: 1200px) 33vw, (min-width: 992px) 50vw, (min-width: 768px) 33vw, 100vw\" alt=\"Trabajos de carpinter\u00eda en general\" loading=\"eager\" decoding=\"async\" class=\"pfg-item-image\"><\/a><\/div><div class=\"pfg-item  pfg-item-hover--hvr-grow-shadow\" data-id=\"959\"><a href=\"https:\/\/www.mueblesartisau.com\/wp-content\/uploads\/carpinteria-general-2.jpg\" class=\"pfg-item-link\" data-lightbox=\"pfg-957\" data-title=\"carpinteria-general-2\"><img src=\"https:\/\/www.mueblesartisau.com\/wp-content\/uploads\/carpinteria-general-2.jpg\" srcset=\"https:\/\/www.mueblesartisau.com\/wp-content\/uploads\/carpinteria-general-2.jpg 900w, https:\/\/www.mueblesartisau.com\/wp-content\/uploads\/carpinteria-general-2-640x476.jpg 640w, https:\/\/www.mueblesartisau.com\/wp-content\/uploads\/carpinteria-general-2-480x357.jpg 480w, https:\/\/www.mueblesartisau.com\/wp-content\/uploads\/carpinteria-general-2-768x572.jpg 768w, https:\/\/www.mueblesartisau.com\/wp-content\/uploads\/carpinteria-general-2-600x447.jpg 600w\" sizes=\"(min-width: 1200px) 33vw, (min-width: 992px) 50vw, (min-width: 768px) 33vw, 100vw\" alt=\"carpinteria-general-2\" loading=\"eager\" decoding=\"async\" class=\"pfg-item-image\"><\/a><\/div><div class=\"pfg-item  pfg-item-hover--hvr-grow-shadow\" data-id=\"962\"><a href=\"https:\/\/www.mueblesartisau.com\/wp-content\/uploads\/carpinteria-general-5.jpg\" class=\"pfg-item-link\" data-lightbox=\"pfg-957\" data-title=\"carpinteria-general-5\"><img src=\"https:\/\/www.mueblesartisau.com\/wp-content\/uploads\/carpinteria-general-5.jpg\" srcset=\"https:\/\/www.mueblesartisau.com\/wp-content\/uploads\/carpinteria-general-5.jpg 900w, https:\/\/www.mueblesartisau.com\/wp-content\/uploads\/carpinteria-general-5-480x640.jpg 480w, https:\/\/www.mueblesartisau.com\/wp-content\/uploads\/carpinteria-general-5-360x480.jpg 360w, https:\/\/www.mueblesartisau.com\/wp-content\/uploads\/carpinteria-general-5-768x1024.jpg 768w, https:\/\/www.mueblesartisau.com\/wp-content\/uploads\/carpinteria-general-5-600x800.jpg 600w\" sizes=\"(min-width: 1200px) 33vw, (min-width: 992px) 50vw, (min-width: 768px) 33vw, 100vw\" alt=\"carpinteria-general-5\" loading=\"eager\" decoding=\"async\" class=\"pfg-item-image\"><\/a><\/div><div class=\"pfg-item  pfg-item-hover--hvr-grow-shadow\" data-id=\"960\"><a href=\"https:\/\/www.mueblesartisau.com\/wp-content\/uploads\/carpinteria-general-3.jpg\" class=\"pfg-item-link\" data-lightbox=\"pfg-957\" data-title=\"carpinteria-general-3\"><img src=\"https:\/\/www.mueblesartisau.com\/wp-content\/uploads\/carpinteria-general-3.jpg\" srcset=\"https:\/\/www.mueblesartisau.com\/wp-content\/uploads\/carpinteria-general-3.jpg 900w, https:\/\/www.mueblesartisau.com\/wp-content\/uploads\/carpinteria-general-3-640x476.jpg 640w, https:\/\/www.mueblesartisau.com\/wp-content\/uploads\/carpinteria-general-3-480x357.jpg 480w, https:\/\/www.mueblesartisau.com\/wp-content\/uploads\/carpinteria-general-3-768x572.jpg 768w, https:\/\/www.mueblesartisau.com\/wp-content\/uploads\/carpinteria-general-3-600x447.jpg 600w\" sizes=\"(min-width: 1200px) 33vw, (min-width: 992px) 50vw, (min-width: 768px) 33vw, 100vw\" alt=\"carpinteria-general-3\" loading=\"eager\" decoding=\"async\" class=\"pfg-item-image\"><\/a><\/div><div class=\"pfg-item  pfg-item-hover--hvr-grow-shadow\" data-id=\"961\"><a href=\"https:\/\/www.mueblesartisau.com\/wp-content\/uploads\/carpinteria-general-4.jpg\" class=\"pfg-item-link\" data-lightbox=\"pfg-957\" data-title=\"carpinteria-general-4\"><img src=\"https:\/\/www.mueblesartisau.com\/wp-content\/uploads\/carpinteria-general-4.jpg\" srcset=\"https:\/\/www.mueblesartisau.com\/wp-content\/uploads\/carpinteria-general-4.jpg 900w, https:\/\/www.mueblesartisau.com\/wp-content\/uploads\/carpinteria-general-4-640x476.jpg 640w, https:\/\/www.mueblesartisau.com\/wp-content\/uploads\/carpinteria-general-4-480x357.jpg 480w, https:\/\/www.mueblesartisau.com\/wp-content\/uploads\/carpinteria-general-4-768x572.jpg 768w, https:\/\/www.mueblesartisau.com\/wp-content\/uploads\/carpinteria-general-4-600x447.jpg 600w\" sizes=\"(min-width: 1200px) 33vw, (min-width: 992px) 50vw, (min-width: 768px) 33vw, 100vw\" alt=\"carpinteria-general-4\" loading=\"lazy\" decoding=\"async\" class=\"pfg-item-image\"><\/a><\/div><\/div><\/div><\/div>\n\t\t\t\t\t\t<\/div>\n\t\t\t\t<\/div>\n\t\t\t\t\t<\/div>\n\t\t<\/div>\n\t\t\t\t\t<\/div>\n\t\t<\/section>\n\t\t\t\t<\/div>\n\t\t","protected":false},"excerpt":{"rendered":"<p>Carpinter\u00eda en general Aportamos soluciones de carpinter\u00eda a medida de las necesidades de nuestros clientes.\u00a0 \u00a0 Escaleras, puertas de entrada, puertas interiores, suelos&#8230; Ponte en contacto con nosotros y te haremos una valoraci\u00f3n personalizada.\u00a0 Loading&#8230;<\/p>\n","protected":false},"author":1,"featured_media":0,"parent":0,"menu_order":4,"comment_status":"closed","ping_status":"closed","template":"page-templates\/exea-full.php","meta":{"footnotes":""},"class_list":["post-946","page","type-page","status-publish","hentry"],"yoast_head":"<!-- This site is optimized with the Yoast SEO plugin v27.6 - https:\/\/yoast.com\/product\/yoast-seo-wordpress\/ -->\n<title>Carpinter\u00eda en general en Navarra, muebles a medida<\/title>\n<meta name=\"description\" content=\"Carpinter\u00eda en general Aportamos soluciones de carpinter\u00eda a medida de las necesidades de nuestros clientes.\u00a0 \u00a0Escaleras, puertas de entrada, puertas interiores, suelos... Ponte en contacto con nosotros y te haremos una valoraci\u00f3n personalizada.\u00a0[PFG id=957]\" \/>\n<meta name=\"robots\" content=\"index, follow, max-snippet:-1, max-image-preview:large, max-video-preview:-1\" \/>\n<link rel=\"canonical\" href=\"http:\/\/Carpinter\u00eda%20en%20general%20Aportamos%20soluciones%20de%20carpinter\u00eda%20a%20medida%20de%20las%20necesidades%20de%20nuestros%20clientes.\u00a0%20\u00a0Escaleras,%20puertas%20de%20entrada,%20puertas%20interiores,%20suelos...%20Ponte%20en%20contacto%20con%20nosotros%20y%20te%20haremos%20una%20valoraci\u00f3n%20personalizada.\u00a0[PFG%20id=957]\" \/>\n<meta property=\"og:locale\" content=\"en_US\" \/>\n<meta property=\"og:type\" content=\"article\" \/>\n<meta property=\"og:title\" content=\"Carpinter\u00eda en general en Navarra, muebles a medida\" \/>\n<meta property=\"og:description\" content=\"Carpinter\u00eda en general Aportamos soluciones de carpinter\u00eda a medida de las necesidades de nuestros clientes.\u00a0 \u00a0Escaleras, puertas de entrada, puertas interiores, suelos... Ponte en contacto con nosotros y te haremos una valoraci\u00f3n personalizada.\u00a0[PFG id=957]\" \/>\n<meta property=\"og:url\" content=\"https:\/\/www.mueblesartisau.com\/eu\/carpinteria-en-general\/\" \/>\n<meta property=\"og:site_name\" content=\"Artisau\" \/>\n<meta property=\"article:modified_time\" content=\"2020-12-28T09:29:51+00:00\" \/>\n<meta name=\"twitter:card\" content=\"summary_large_image\" \/>\n<script type=\"application\/ld+json\" class=\"yoast-schema-graph\">{\"@context\":\"https:\\\/\\\/schema.org\",\"@graph\":[{\"@type\":\"WebPage\",\"@id\":\"https:\\\/\\\/www.mueblesartisau.com\\\/eu\\\/carpinteria-en-general\\\/\",\"url\":\"https:\\\/\\\/www.mueblesartisau.com\\\/eu\\\/carpinteria-en-general\\\/\",\"name\":\"Carpinter\u00eda en general en Navarra, muebles a medida\",\"isPartOf\":{\"@id\":\"https:\\\/\\\/www.mueblesartisau.com\\\/#website\"},\"datePublished\":\"2020-12-01T11:27:36+00:00\",\"dateModified\":\"2020-12-28T09:29:51+00:00\",\"breadcrumb\":{\"@id\":\"https:\\\/\\\/www.mueblesartisau.com\\\/eu\\\/carpinteria-en-general\\\/#breadcrumb\"},\"inLanguage\":\"eu\",\"potentialAction\":[{\"@type\":\"ReadAction\",\"target\":[\"https:\\\/\\\/www.mueblesartisau.com\\\/eu\\\/carpinteria-en-general\\\/\"]}]},{\"@type\":\"BreadcrumbList\",\"@id\":\"https:\\\/\\\/www.mueblesartisau.com\\\/eu\\\/carpinteria-en-general\\\/#breadcrumb\",\"itemListElement\":[{\"@type\":\"ListItem\",\"position\":1,\"name\":\"P\u00e1gina de inicio\",\"item\":\"https:\\\/\\\/www.mueblesartisau.com\\\/\"},{\"@type\":\"ListItem\",\"position\":2,\"name\":\"Carpinter\u00eda en general\"}]},{\"@type\":\"WebSite\",\"@id\":\"https:\\\/\\\/www.mueblesartisau.com\\\/eu\\\/#website\",\"url\":\"https:\\\/\\\/www.mueblesartisau.com\\\/eu\\\/\",\"name\":\"Artisau\",\"description\":\"Fabricaci\u00f3n de muebles de madera maciza\",\"publisher\":{\"@id\":\"https:\\\/\\\/www.mueblesartisau.com\\\/eu\\\/#organization\"},\"potentialAction\":[{\"@type\":\"SearchAction\",\"target\":{\"@type\":\"EntryPoint\",\"urlTemplate\":\"https:\\\/\\\/www.mueblesartisau.com\\\/eu\\\/?s={search_term_string}\"},\"query-input\":{\"@type\":\"PropertyValueSpecification\",\"valueRequired\":true,\"valueName\":\"search_term_string\"}}],\"inLanguage\":\"eu\"},{\"@type\":\"Organization\",\"@id\":\"https:\\\/\\\/www.mueblesartisau.com\\\/eu\\\/#organization\",\"name\":\"Artisau\",\"url\":\"https:\\\/\\\/www.mueblesartisau.com\\\/eu\\\/\",\"logo\":{\"@type\":\"ImageObject\",\"inLanguage\":\"eu\",\"@id\":\"https:\\\/\\\/www.mueblesartisau.com\\\/eu\\\/#\\\/schema\\\/logo\\\/image\\\/\",\"url\":\"https:\\\/\\\/www.mueblesartisau.com\\\/wp-content\\\/uploads\\\/artisau-muebles-de-madera.png\",\"contentUrl\":\"https:\\\/\\\/www.mueblesartisau.com\\\/wp-content\\\/uploads\\\/artisau-muebles-de-madera.png\",\"width\":286,\"height\":40,\"caption\":\"Artisau\"},\"image\":{\"@id\":\"https:\\\/\\\/www.mueblesartisau.com\\\/eu\\\/#\\\/schema\\\/logo\\\/image\\\/\"}}]}<\/script>\n<!-- \/ Yoast SEO plugin. -->","yoast_head_json":{"title":"Carpinter\u00eda en general en Navarra, muebles a medida","description":"Carpinter\u00eda en general Aportamos soluciones de carpinter\u00eda a medida de las necesidades de nuestros clientes.\u00a0 \u00a0Escaleras, puertas de entrada, puertas interiores, suelos... Ponte en contacto con nosotros y te haremos una valoraci\u00f3n personalizada.\u00a0[PFG id=957]","robots":{"index":"index","follow":"follow","max-snippet":"max-snippet:-1","max-image-preview":"max-image-preview:large","max-video-preview":"max-video-preview:-1"},"canonical":"Carpinter\u00eda en general Aportamos soluciones de carpinter\u00eda a medida de las necesidades de nuestros clientes.\u00a0 \u00a0Escaleras, puertas de entrada, puertas interiores, suelos... Ponte en contacto con nosotros y te haremos una valoraci\u00f3n personalizada.\u00a0[PFG id=957]","og_locale":"en_US","og_type":"article","og_title":"Carpinter\u00eda en general en Navarra, muebles a medida","og_description":"Carpinter\u00eda en general Aportamos soluciones de carpinter\u00eda a medida de las necesidades de nuestros clientes.\u00a0 \u00a0Escaleras, puertas de entrada, puertas interiores, suelos... Ponte en contacto con nosotros y te haremos una valoraci\u00f3n personalizada.\u00a0[PFG id=957]","og_url":"https:\/\/www.mueblesartisau.com\/eu\/carpinteria-en-general\/","og_site_name":"Artisau","article_modified_time":"2020-12-28T09:29:51+00:00","twitter_card":"summary_large_image","schema":{"@context":"https:\/\/schema.org","@graph":[{"@type":"WebPage","@id":"https:\/\/www.mueblesartisau.com\/eu\/carpinteria-en-general\/","url":"https:\/\/www.mueblesartisau.com\/eu\/carpinteria-en-general\/","name":"Carpinter\u00eda en general en Navarra, muebles a medida","isPartOf":{"@id":"https:\/\/www.mueblesartisau.com\/#website"},"datePublished":"2020-12-01T11:27:36+00:00","dateModified":"2020-12-28T09:29:51+00:00","breadcrumb":{"@id":"https:\/\/www.mueblesartisau.com\/eu\/carpinteria-en-general\/#breadcrumb"},"inLanguage":"eu","potentialAction":[{"@type":"ReadAction","target":["https:\/\/www.mueblesartisau.com\/eu\/carpinteria-en-general\/"]}]},{"@type":"BreadcrumbList","@id":"https:\/\/www.mueblesartisau.com\/eu\/carpinteria-en-general\/#breadcrumb","itemListElement":[{"@type":"ListItem","position":1,"name":"P\u00e1gina de inicio","item":"https:\/\/www.mueblesartisau.com\/"},{"@type":"ListItem","position":2,"name":"Carpinter\u00eda en general"}]},{"@type":"WebSite","@id":"https:\/\/www.mueblesartisau.com\/eu\/#website","url":"https:\/\/www.mueblesartisau.com\/eu\/","name":"Artisau","description":"Fabricaci\u00f3n de muebles de madera maciza","publisher":{"@id":"https:\/\/www.mueblesartisau.com\/eu\/#organization"},"potentialAction":[{"@type":"SearchAction","target":{"@type":"EntryPoint","urlTemplate":"https:\/\/www.mueblesartisau.com\/eu\/?s={search_term_string}"},"query-input":{"@type":"PropertyValueSpecification","valueRequired":true,"valueName":"search_term_string"}}],"inLanguage":"eu"},{"@type":"Organization","@id":"https:\/\/www.mueblesartisau.com\/eu\/#organization","name":"Artisau","url":"https:\/\/www.mueblesartisau.com\/eu\/","logo":{"@type":"ImageObject","inLanguage":"eu","@id":"https:\/\/www.mueblesartisau.com\/eu\/#\/schema\/logo\/image\/","url":"https:\/\/www.mueblesartisau.com\/wp-content\/uploads\/artisau-muebles-de-madera.png","contentUrl":"https:\/\/www.mueblesartisau.com\/wp-content\/uploads\/artisau-muebles-de-madera.png","width":286,"height":40,"caption":"Artisau"},"image":{"@id":"https:\/\/www.mueblesartisau.com\/eu\/#\/schema\/logo\/image\/"}}]}},"_links":{"self":[{"href":"https:\/\/www.mueblesartisau.com\/eu\/wp-json\/wp\/v2\/pages\/946","targetHints":{"allow":["GET"]}}],"collection":[{"href":"https:\/\/www.mueblesartisau.com\/eu\/wp-json\/wp\/v2\/pages"}],"about":[{"href":"https:\/\/www.mueblesartisau.com\/eu\/wp-json\/wp\/v2\/types\/page"}],"author":[{"embeddable":true,"href":"https:\/\/www.mueblesartisau.com\/eu\/wp-json\/wp\/v2\/users\/1"}],"replies":[{"embeddable":true,"href":"https:\/\/www.mueblesartisau.com\/eu\/wp-json\/wp\/v2\/comments?post=946"}],"version-history":[{"count":2,"href":"https:\/\/www.mueblesartisau.com\/eu\/wp-json\/wp\/v2\/pages\/946\/revisions"}],"predecessor-version":[{"id":1268,"href":"https:\/\/www.mueblesartisau.com\/eu\/wp-json\/wp\/v2\/pages\/946\/revisions\/1268"}],"wp:attachment":[{"href":"https:\/\/www.mueblesartisau.com\/eu\/wp-json\/wp\/v2\/media?parent=946"}],"curies":[{"name":"wp","href":"https:\/\/api.w.org\/{rel}","templated":true}]}}