{"id":852,"date":"2020-11-20T14:17:08","date_gmt":"2020-11-20T13:17:08","guid":{"rendered":"https:\/\/www.mueblesartisau.com\/?post_type=product&#038;p=852"},"modified":"2020-11-20T14:17:38","modified_gmt":"2020-11-20T13:17:38","slug":"argizaiola-4","status":"publish","type":"product","link":"https:\/\/www.mueblesartisau.com\/eu\/product\/argizaiola-4\/","title":{"rendered":"Argizaiola 4"},"content":{"rendered":"","protected":false},"excerpt":{"rendered":"<p>Tabla tallada y rodeada de cera con su mecha, tradicionalmente utilizada para velar a los difuntos.<\/p>\n<p>Dimensiones: 39 x 18 cm.<\/p>\n<p>Empez\u00f3 a utilizarse en los siglos X-XI, cuando el fuego era el centro del hogar y representaba la vida. La argizaiola es el s\u00edmbolo de la luz ofrecida a los difuntos para iluminarles en su camino hacia el m\u00e1s all\u00e1. Se colocaban en la Iglesia, sobre el pavimento que correspond\u00eda a cada familia.<\/p>\n","protected":false},"featured_media":834,"template":"","meta":[],"product_brand":[],"product_cat":[24],"product_tag":[],"class_list":{"0":"post-852","1":"product","2":"type-product","3":"status-publish","4":"has-post-thumbnail","6":"product_cat-argizaiola","8":"first","9":"instock","10":"shipping-taxable","11":"purchasable","12":"product-type-simple"},"yoast_head":"<!-- This site is optimized with the Yoast SEO plugin v27.6 - https:\/\/yoast.com\/product\/yoast-seo-wordpress\/ -->\n<title>Argizaiola 4<\/title>\n<meta name=\"description\" content=\"Tabla tallada y rodeada de cera con su mecha, tradicionalmente utilizada para velar a los difuntos.  Dimensiones: 39 x 18 cm.  Empez\u00f3 a utilizarse en los siglos X-XI, cuando el fuego era el centro del hogar y representaba la vida. La argizaiola es el s\u00edmbolo de la luz ofrecida a los difuntos para iluminarles en su camino hacia el m\u00e1s all\u00e1. Se colocaban en la Iglesia, sobre el pavimento que correspond\u00eda a cada familia.\" \/>\n<meta name=\"robots\" content=\"index, follow, max-snippet:-1, max-image-preview:large, max-video-preview:-1\" \/>\n<link rel=\"canonical\" href=\"\" \/>\n<meta property=\"og:locale\" content=\"en_US\" \/>\n<meta property=\"og:type\" content=\"article\" \/>\n<meta property=\"og:title\" content=\"Argizaiola 4\" \/>\n<meta property=\"og:description\" content=\"Tabla tallada y rodeada de cera con su mecha, tradicionalmente utilizada para velar a los difuntos.  Dimensiones: 39 x 18 cm.  Empez\u00f3 a utilizarse en los siglos X-XI, cuando el fuego era el centro del hogar y representaba la vida. La argizaiola es el s\u00edmbolo de la luz ofrecida a los difuntos para iluminarles en su camino hacia el m\u00e1s all\u00e1. Se colocaban en la Iglesia, sobre el pavimento que correspond\u00eda a cada familia.\" \/>\n<meta property=\"og:url\" content=\"https:\/\/www.mueblesartisau.com\/eu\/product\/argizaiola-4\/\" \/>\n<meta property=\"og:site_name\" content=\"Artisau\" \/>\n<meta property=\"article:modified_time\" content=\"2020-11-20T13:17:38+00:00\" \/>\n<meta property=\"og:image\" content=\"https:\/\/www.mueblesartisau.com\/wp-content\/uploads\/argizaiola-4.jpg\" \/>\n\t<meta property=\"og:image:width\" content=\"960\" \/>\n\t<meta property=\"og:image:height\" content=\"1200\" \/>\n\t<meta property=\"og:image:type\" content=\"image\/jpeg\" \/>\n<meta name=\"twitter:card\" content=\"summary_large_image\" \/>\n<script type=\"application\/ld+json\" class=\"yoast-schema-graph\">{\"@context\":\"https:\\\/\\\/schema.org\",\"@graph\":[{\"@type\":\"WebPage\",\"@id\":\"https:\\\/\\\/www.mueblesartisau.com\\\/eu\\\/product\\\/argizaiola-4\\\/\",\"url\":\"https:\\\/\\\/www.mueblesartisau.com\\\/eu\\\/product\\\/argizaiola-4\\\/\",\"name\":\"Argizaiola 4 - Artisau\",\"isPartOf\":{\"@id\":\"https:\\\/\\\/www.mueblesartisau.com\\\/#website\"},\"primaryImageOfPage\":{\"@id\":\"https:\\\/\\\/www.mueblesartisau.com\\\/eu\\\/product\\\/argizaiola-4\\\/#primaryimage\"},\"image\":{\"@id\":\"https:\\\/\\\/www.mueblesartisau.com\\\/eu\\\/product\\\/argizaiola-4\\\/#primaryimage\"},\"thumbnailUrl\":\"https:\\\/\\\/www.mueblesartisau.com\\\/wp-content\\\/uploads\\\/argizaiola-4.jpg\",\"datePublished\":\"2020-11-20T13:17:08+00:00\",\"dateModified\":\"2020-11-20T13:17:38+00:00\",\"breadcrumb\":{\"@id\":\"https:\\\/\\\/www.mueblesartisau.com\\\/eu\\\/product\\\/argizaiola-4\\\/#breadcrumb\"},\"inLanguage\":\"eu\",\"potentialAction\":[{\"@type\":\"ReadAction\",\"target\":[\"https:\\\/\\\/www.mueblesartisau.com\\\/eu\\\/product\\\/argizaiola-4\\\/\"]}]},{\"@type\":\"ImageObject\",\"inLanguage\":\"eu\",\"@id\":\"https:\\\/\\\/www.mueblesartisau.com\\\/eu\\\/product\\\/argizaiola-4\\\/#primaryimage\",\"url\":\"https:\\\/\\\/www.mueblesartisau.com\\\/wp-content\\\/uploads\\\/argizaiola-4.jpg\",\"contentUrl\":\"https:\\\/\\\/www.mueblesartisau.com\\\/wp-content\\\/uploads\\\/argizaiola-4.jpg\",\"width\":960,\"height\":1200},{\"@type\":\"BreadcrumbList\",\"@id\":\"https:\\\/\\\/www.mueblesartisau.com\\\/eu\\\/product\\\/argizaiola-4\\\/#breadcrumb\",\"itemListElement\":[{\"@type\":\"ListItem\",\"position\":1,\"name\":\"P\u00e1gina de inicio\",\"item\":\"https:\\\/\\\/www.mueblesartisau.com\\\/\"},{\"@type\":\"ListItem\",\"position\":2,\"name\":\"Productos\",\"item\":\"https:\\\/\\\/www.mueblesartisau.com\\\/product\\\/\"},{\"@type\":\"ListItem\",\"position\":3,\"name\":\"Argizaiola 4\"}]},{\"@type\":\"WebSite\",\"@id\":\"https:\\\/\\\/www.mueblesartisau.com\\\/eu\\\/#website\",\"url\":\"https:\\\/\\\/www.mueblesartisau.com\\\/eu\\\/\",\"name\":\"Artisau\",\"description\":\"Fabricaci\u00f3n de muebles de madera maciza\",\"publisher\":{\"@id\":\"https:\\\/\\\/www.mueblesartisau.com\\\/eu\\\/#organization\"},\"potentialAction\":[{\"@type\":\"SearchAction\",\"target\":{\"@type\":\"EntryPoint\",\"urlTemplate\":\"https:\\\/\\\/www.mueblesartisau.com\\\/eu\\\/?s={search_term_string}\"},\"query-input\":{\"@type\":\"PropertyValueSpecification\",\"valueRequired\":true,\"valueName\":\"search_term_string\"}}],\"inLanguage\":\"eu\"},{\"@type\":\"Organization\",\"@id\":\"https:\\\/\\\/www.mueblesartisau.com\\\/eu\\\/#organization\",\"name\":\"Artisau\",\"url\":\"https:\\\/\\\/www.mueblesartisau.com\\\/eu\\\/\",\"logo\":{\"@type\":\"ImageObject\",\"inLanguage\":\"eu\",\"@id\":\"https:\\\/\\\/www.mueblesartisau.com\\\/eu\\\/#\\\/schema\\\/logo\\\/image\\\/\",\"url\":\"https:\\\/\\\/www.mueblesartisau.com\\\/wp-content\\\/uploads\\\/artisau-muebles-de-madera.png\",\"contentUrl\":\"https:\\\/\\\/www.mueblesartisau.com\\\/wp-content\\\/uploads\\\/artisau-muebles-de-madera.png\",\"width\":286,\"height\":40,\"caption\":\"Artisau\"},\"image\":{\"@id\":\"https:\\\/\\\/www.mueblesartisau.com\\\/eu\\\/#\\\/schema\\\/logo\\\/image\\\/\"}}]}<\/script>\n<!-- \/ Yoast SEO plugin. -->","yoast_head_json":{"title":"Argizaiola 4","description":"Tabla tallada y rodeada de cera con su mecha, tradicionalmente utilizada para velar a los difuntos.  Dimensiones: 39 x 18 cm.  Empez\u00f3 a utilizarse en los siglos X-XI, cuando el fuego era el centro del hogar y representaba la vida. La argizaiola es el s\u00edmbolo de la luz ofrecida a los difuntos para iluminarles en su camino hacia el m\u00e1s all\u00e1. Se colocaban en la Iglesia, sobre el pavimento que correspond\u00eda a cada familia.","robots":{"index":"index","follow":"follow","max-snippet":"max-snippet:-1","max-image-preview":"max-image-preview:large","max-video-preview":"max-video-preview:-1"},"canonical":"Tabla tallada y rodeada de cera con su mecha, tradicionalmente utilizada para velar a los difuntos.  Dimensiones: 39 x 18 cm.  Empez\u00f3 a utilizarse en los siglos X-XI, cuando el fuego era el centro del hogar y representaba la vida. La argizaiola es el s\u00edmbolo de la luz ofrecida a los difuntos para iluminarles en su camino hacia el m\u00e1s all\u00e1. Se colocaban en la Iglesia, sobre el pavimento que correspond\u00eda a cada familia.","og_locale":"en_US","og_type":"article","og_title":"Argizaiola 4","og_description":"Tabla tallada y rodeada de cera con su mecha, tradicionalmente utilizada para velar a los difuntos.  Dimensiones: 39 x 18 cm.  Empez\u00f3 a utilizarse en los siglos X-XI, cuando el fuego era el centro del hogar y representaba la vida. La argizaiola es el s\u00edmbolo de la luz ofrecida a los difuntos para iluminarles en su camino hacia el m\u00e1s all\u00e1. Se colocaban en la Iglesia, sobre el pavimento que correspond\u00eda a cada familia.","og_url":"https:\/\/www.mueblesartisau.com\/eu\/product\/argizaiola-4\/","og_site_name":"Artisau","article_modified_time":"2020-11-20T13:17:38+00:00","og_image":[{"width":960,"height":1200,"url":"https:\/\/www.mueblesartisau.com\/wp-content\/uploads\/argizaiola-4.jpg","type":"image\/jpeg"}],"twitter_card":"summary_large_image","schema":{"@context":"https:\/\/schema.org","@graph":[{"@type":"WebPage","@id":"https:\/\/www.mueblesartisau.com\/eu\/product\/argizaiola-4\/","url":"https:\/\/www.mueblesartisau.com\/eu\/product\/argizaiola-4\/","name":"Argizaiola 4 - Artisau","isPartOf":{"@id":"https:\/\/www.mueblesartisau.com\/#website"},"primaryImageOfPage":{"@id":"https:\/\/www.mueblesartisau.com\/eu\/product\/argizaiola-4\/#primaryimage"},"image":{"@id":"https:\/\/www.mueblesartisau.com\/eu\/product\/argizaiola-4\/#primaryimage"},"thumbnailUrl":"https:\/\/www.mueblesartisau.com\/wp-content\/uploads\/argizaiola-4.jpg","datePublished":"2020-11-20T13:17:08+00:00","dateModified":"2020-11-20T13:17:38+00:00","breadcrumb":{"@id":"https:\/\/www.mueblesartisau.com\/eu\/product\/argizaiola-4\/#breadcrumb"},"inLanguage":"eu","potentialAction":[{"@type":"ReadAction","target":["https:\/\/www.mueblesartisau.com\/eu\/product\/argizaiola-4\/"]}]},{"@type":"ImageObject","inLanguage":"eu","@id":"https:\/\/www.mueblesartisau.com\/eu\/product\/argizaiola-4\/#primaryimage","url":"https:\/\/www.mueblesartisau.com\/wp-content\/uploads\/argizaiola-4.jpg","contentUrl":"https:\/\/www.mueblesartisau.com\/wp-content\/uploads\/argizaiola-4.jpg","width":960,"height":1200},{"@type":"BreadcrumbList","@id":"https:\/\/www.mueblesartisau.com\/eu\/product\/argizaiola-4\/#breadcrumb","itemListElement":[{"@type":"ListItem","position":1,"name":"P\u00e1gina de inicio","item":"https:\/\/www.mueblesartisau.com\/"},{"@type":"ListItem","position":2,"name":"Productos","item":"https:\/\/www.mueblesartisau.com\/product\/"},{"@type":"ListItem","position":3,"name":"Argizaiola 4"}]},{"@type":"WebSite","@id":"https:\/\/www.mueblesartisau.com\/eu\/#website","url":"https:\/\/www.mueblesartisau.com\/eu\/","name":"Artisau","description":"Fabricaci\u00f3n de muebles de madera maciza","publisher":{"@id":"https:\/\/www.mueblesartisau.com\/eu\/#organization"},"potentialAction":[{"@type":"SearchAction","target":{"@type":"EntryPoint","urlTemplate":"https:\/\/www.mueblesartisau.com\/eu\/?s={search_term_string}"},"query-input":{"@type":"PropertyValueSpecification","valueRequired":true,"valueName":"search_term_string"}}],"inLanguage":"eu"},{"@type":"Organization","@id":"https:\/\/www.mueblesartisau.com\/eu\/#organization","name":"Artisau","url":"https:\/\/www.mueblesartisau.com\/eu\/","logo":{"@type":"ImageObject","inLanguage":"eu","@id":"https:\/\/www.mueblesartisau.com\/eu\/#\/schema\/logo\/image\/","url":"https:\/\/www.mueblesartisau.com\/wp-content\/uploads\/artisau-muebles-de-madera.png","contentUrl":"https:\/\/www.mueblesartisau.com\/wp-content\/uploads\/artisau-muebles-de-madera.png","width":286,"height":40,"caption":"Artisau"},"image":{"@id":"https:\/\/www.mueblesartisau.com\/eu\/#\/schema\/logo\/image\/"}}]}},"_links":{"self":[{"href":"https:\/\/www.mueblesartisau.com\/eu\/wp-json\/wp\/v2\/product\/852","targetHints":{"allow":["GET"]}}],"collection":[{"href":"https:\/\/www.mueblesartisau.com\/eu\/wp-json\/wp\/v2\/product"}],"about":[{"href":"https:\/\/www.mueblesartisau.com\/eu\/wp-json\/wp\/v2\/types\/product"}],"wp:featuredmedia":[{"embeddable":true,"href":"https:\/\/www.mueblesartisau.com\/eu\/wp-json\/wp\/v2\/media\/834"}],"wp:attachment":[{"href":"https:\/\/www.mueblesartisau.com\/eu\/wp-json\/wp\/v2\/media?parent=852"}],"wp:term":[{"taxonomy":"product_brand","embeddable":true,"href":"https:\/\/www.mueblesartisau.com\/eu\/wp-json\/wp\/v2\/product_brand?post=852"},{"taxonomy":"product_cat","embeddable":true,"href":"https:\/\/www.mueblesartisau.com\/eu\/wp-json\/wp\/v2\/product_cat?post=852"},{"taxonomy":"product_tag","embeddable":true,"href":"https:\/\/www.mueblesartisau.com\/eu\/wp-json\/wp\/v2\/product_tag?post=852"}],"curies":[{"name":"wp","href":"https:\/\/api.w.org\/{rel}","templated":true}]}}